{"id":440,"date":"2022-03-19T04:50:28","date_gmt":"2022-03-19T01:50:28","guid":{"rendered":"https:\/\/sifahatunyasamakademisi.com\/?page_id=440"},"modified":"2022-03-19T04:52:07","modified_gmt":"2022-03-19T01:52:07","slug":"evlilik-ve-iliski-koclugu-2","status":"publish","type":"page","link":"https:\/\/sifahatunyasamakademisi.com\/index.php\/evlilik-ve-iliski-koclugu-2\/","title":{"rendered":"EVL\u0130L\u0130K VE \u0130L\u0130\u015eK\u0130 KO\u00c7LU\u011eU"},"content":{"rendered":"\t\t<div data-elementor-type=\"wp-page\" data-elementor-id=\"440\" class=\"elementor elementor-440\" data-elementor-settings=\"[]\">\n\t\t\t\t\t\t\t<div class=\"elementor-section-wrap\">\n\t\t\t\t\t\t\t<section class=\"elementor-section elementor-top-section elementor-element elementor-element-087085f elementor-section-boxed elementor-section-height-default elementor-section-height-default\" data-id=\"087085f\" data-element_type=\"section\" data-settings=\"{&quot;background_background&quot;:&quot;classic&quot;}\">\n\t\t\t\t\t\t\t<div class=\"elementor-background-overlay\"><\/div>\n\t\t\t\t\t\t\t<div class=\"elementor-container elementor-column-gap-no\">\n\t\t\t\t\t<div class=\"elementor-column elementor-col-100 elementor-top-column elementor-element elementor-element-f500b0e\" data-id=\"f500b0e\" data-element_type=\"column\">\n\t\t\t<div class=\"elementor-widget-wrap elementor-element-populated\">\n\t\t\t\t\t\t\t\t<div class=\"elementor-element elementor-element-8b286d3 elementor-widget elementor-widget-heading\" data-id=\"8b286d3\" data-element_type=\"widget\" data-widget_type=\"heading.default\">\n\t\t\t\t<div class=\"elementor-widget-container\">\n\t\t\t<style>\/*! elementor - v3.5.6 - 28-02-2022 *\/\n.elementor-heading-title{padding:0;margin:0;line-height:1}.elementor-widget-heading .elementor-heading-title[class*=elementor-size-]>a{color:inherit;font-size:inherit;line-height:inherit}.elementor-widget-heading .elementor-heading-title.elementor-size-small{font-size:15px}.elementor-widget-heading .elementor-heading-title.elementor-size-medium{font-size:19px}.elementor-widget-heading .elementor-heading-title.elementor-size-large{font-size:29px}.elementor-widget-heading .elementor-heading-title.elementor-size-xl{font-size:39px}.elementor-widget-heading .elementor-heading-title.elementor-size-xxl{font-size:59px}<\/style><h1 class=\"elementor-heading-title elementor-size-default\">EVL\u0130L\u0130K VE \u0130L\u0130\u015eK\u0130 KO\u00c7LU\u011eU<\/h1>\t\t<\/div>\n\t\t\t\t<\/div>\n\t\t\t\t\t<\/div>\n\t\t<\/div>\n\t\t\t\t\t\t\t<\/div>\n\t\t<\/section>\n\t\t\t\t<section class=\"elementor-section elementor-top-section elementor-element elementor-element-e890068 elementor-section-boxed elementor-section-height-default elementor-section-height-default\" data-id=\"e890068\" data-element_type=\"section\">\n\t\t\t\t\t\t<div class=\"elementor-container elementor-column-gap-default\">\n\t\t\t\t\t<div class=\"elementor-column elementor-col-100 elementor-top-column elementor-element elementor-element-03cb17a\" data-id=\"03cb17a\" data-element_type=\"column\">\n\t\t\t<div class=\"elementor-widget-wrap elementor-element-populated\">\n\t\t\t\t\t\t\t\t<div class=\"elementor-element elementor-element-9d189b9 elementor-widget elementor-widget-text-editor\" data-id=\"9d189b9\" data-element_type=\"widget\" data-widget_type=\"text-editor.default\">\n\t\t\t\t<div class=\"elementor-widget-container\">\n\t\t\t<style>\/*! elementor - v3.5.6 - 28-02-2022 *\/\n.elementor-widget-text-editor.elementor-drop-cap-view-stacked .elementor-drop-cap{background-color:#818a91;color:#fff}.elementor-widget-text-editor.elementor-drop-cap-view-framed .elementor-drop-cap{color:#818a91;border:3px solid;background-color:transparent}.elementor-widget-text-editor:not(.elementor-drop-cap-view-default) .elementor-drop-cap{margin-top:8px}.elementor-widget-text-editor:not(.elementor-drop-cap-view-default) .elementor-drop-cap-letter{width:1em;height:1em}.elementor-widget-text-editor .elementor-drop-cap{float:left;text-align:center;line-height:1;font-size:50px}.elementor-widget-text-editor .elementor-drop-cap-letter{display:inline-block}<\/style>\t\t\t\t<p>\u0130li\u015fki dan\u0131\u015fmanl\u0131\u011f\u0131, ki\u015filer aras\u0131 ili\u015fkileri daha doyum verici hale getirmek i\u00e7in ger\u00e7ekle\u015ftirilen bir dan\u0131\u015fmanl\u0131k s\u00fcrecidir. Sosyal, duygusal, cinsel, ekonomik ve g\u00f6r\u00fc\u015f ayr\u0131l\u0131klar\u0131 gibi bir \u00e7ok parametrelerde \u00e7at\u0131\u015fan \u00e7iftlerin, negatif etkilenimlerini de\u011fi\u015ftirmeyi ama\u00e7layan bir \u00e7al\u0131\u015fma \u015fekli uygulan\u0131r.<\/p><p>G\u00fcn\u00fcm\u00fczde, \u00f6zellikle b\u00fcy\u00fck \u015fehirlerde ya\u015faman\u0131n sebep oldu\u011fu yo\u011fun tempo, birbirine yeterince vakit ay\u0131ramamak, zaman\u0131nda \u00e7\u00f6z\u00fclmeyen sorunlar\u0131n yaratt\u0131\u011f\u0131 negatif birikimler vb. nedenlerle ili\u015fkiler yara almaktad\u0131r. \u0130li\u015fkilerindeki sorunlar\u0131 do\u011fru bir ileti\u015fim diliyle \u00e7\u00f6zemeyen, fikir ayr\u0131l\u0131klar\u0131n\u0131 kavga etmeden tart\u0131\u015fmay\u0131 ba\u015faramayan \u00e7iftler, bir noktada ili\u015fkiye ve birbirlerine olan inan\u00e7lar\u0131n\u0131 kaybetmeye ba\u015flarlar. Sorunlar\u0131n\u0131n \u201c\u00e7\u00f6z\u00fcms\u00fcz\u201d oldu\u011funa dair bir yan\u0131lg\u0131ya kap\u0131l\u0131rlar. Oysa objektif ve e\u011fitimli bir \u00fc\u00e7\u00fcnc\u00fc g\u00f6z, \u00e7o\u011fu zaman \u00e7iftin i\u00e7inde bulunduklar\u0131 duygusal \u00e7ukurdan \u00e7\u0131kmalar\u0131na ve \u00e7\u00f6z\u00fcm\u00fc bulmalar\u0131na yard\u0131mc\u0131 olur.<\/p>\t\t\t\t\t\t<\/div>\n\t\t\t\t<\/div>\n\t\t\t\t\t<\/div>\n\t\t<\/div>\n\t\t\t\t\t\t\t<\/div>\n\t\t<\/section>\n\t\t\t\t\t\t<\/div>\n\t\t\t\t\t<\/div>\n\t\t","protected":false},"excerpt":{"rendered":"<p>EVL\u0130L\u0130K VE \u0130L\u0130\u015eK\u0130 KO\u00c7LU\u011eU \u0130li\u015fki dan\u0131\u015fmanl\u0131\u011f\u0131, ki\u015filer aras\u0131 ili\u015fkileri daha doyum verici hale getirmek i\u00e7in ger\u00e7ekle\u015ftirilen bir dan\u0131\u015fmanl\u0131k s\u00fcrecidir. Sosyal, duygusal, cinsel, ekonomik ve g\u00f6r\u00fc\u015f ayr\u0131l\u0131klar\u0131 gibi bir \u00e7ok parametrelerde \u00e7at\u0131\u015fan \u00e7iftlerin, negatif etkilenimlerini de\u011fi\u015ftirmeyi ama\u00e7layan bir \u00e7al\u0131\u015fma \u015fekli uygulan\u0131r. G\u00fcn\u00fcm\u00fczde, \u00f6zellikle b\u00fcy\u00fck \u015fehirlerde ya\u015faman\u0131n sebep oldu\u011fu yo\u011fun tempo, birbirine yeterince vakit ay\u0131ramamak, zaman\u0131nda \u00e7\u00f6z\u00fclmeyen &hellip;<\/p>\n<p class=\"read-more\"> <a class=\"\" href=\"https:\/\/sifahatunyasamakademisi.com\/index.php\/evlilik-ve-iliski-koclugu-2\/\"> <span class=\"screen-reader-text\">EVL\u0130L\u0130K VE \u0130L\u0130\u015eK\u0130 KO\u00c7LU\u011eU<\/span> Devam\u0131 &raquo;<\/a><\/p>\n","protected":false},"author":1,"featured_media":0,"parent":0,"menu_order":0,"comment_status":"closed","ping_status":"closed","template":"","meta":{"site-sidebar-layout":"no-sidebar","site-content-layout":"page-builder","ast-main-header-display":"","ast-hfb-above-header-display":"","ast-hfb-below-header-display":"","ast-hfb-mobile-header-display":"","site-post-title":"disabled","ast-breadcrumbs-content":"disabled","ast-featured-img":"disabled","footer-sml-layout":"","theme-transparent-header-meta":"enabled","adv-header-id-meta":"","stick-header-meta":"","header-above-stick-meta":"","header-main-stick-meta":"","header-below-stick-meta":"","footnotes":""},"class_list":["post-440","page","type-page","status-publish","hentry"],"_links":{"self":[{"href":"https:\/\/sifahatunyasamakademisi.com\/index.php\/wp-json\/wp\/v2\/pages\/440","targetHints":{"allow":["GET"]}}],"collection":[{"href":"https:\/\/sifahatunyasamakademisi.com\/index.php\/wp-json\/wp\/v2\/pages"}],"about":[{"href":"https:\/\/sifahatunyasamakademisi.com\/index.php\/wp-json\/wp\/v2\/types\/page"}],"author":[{"embeddable":true,"href":"https:\/\/sifahatunyasamakademisi.com\/index.php\/wp-json\/wp\/v2\/users\/1"}],"replies":[{"embeddable":true,"href":"https:\/\/sifahatunyasamakademisi.com\/index.php\/wp-json\/wp\/v2\/comments?post=440"}],"version-history":[{"count":4,"href":"https:\/\/sifahatunyasamakademisi.com\/index.php\/wp-json\/wp\/v2\/pages\/440\/revisions"}],"predecessor-version":[{"id":449,"href":"https:\/\/sifahatunyasamakademisi.com\/index.php\/wp-json\/wp\/v2\/pages\/440\/revisions\/449"}],"wp:attachment":[{"href":"https:\/\/sifahatunyasamakademisi.com\/index.php\/wp-json\/wp\/v2\/media?parent=440"}],"curies":[{"name":"wp","href":"https:\/\/api.w.org\/{rel}","templated":true}]}}