{"id":424,"date":"2022-03-19T04:48:03","date_gmt":"2022-03-19T01:48:03","guid":{"rendered":"https:\/\/sifahatunyasamakademisi.com\/?page_id=424"},"modified":"2022-03-19T04:51:21","modified_gmt":"2022-03-19T01:51:21","slug":"kisilik-testleri","status":"publish","type":"page","link":"https:\/\/sifahatunyasamakademisi.com\/index.php\/kisilik-testleri\/","title":{"rendered":"K\u0130\u015e\u0130L\u0130K TESTLER\u0130"},"content":{"rendered":"\t\t<div data-elementor-type=\"wp-page\" data-elementor-id=\"424\" class=\"elementor elementor-424\" data-elementor-settings=\"[]\">\n\t\t\t\t\t\t\t<div class=\"elementor-section-wrap\">\n\t\t\t\t\t\t\t<section class=\"elementor-section elementor-top-section elementor-element elementor-element-087085f elementor-section-boxed elementor-section-height-default elementor-section-height-default\" data-id=\"087085f\" data-element_type=\"section\" data-settings=\"{&quot;background_background&quot;:&quot;classic&quot;}\">\n\t\t\t\t\t\t\t<div class=\"elementor-background-overlay\"><\/div>\n\t\t\t\t\t\t\t<div class=\"elementor-container elementor-column-gap-no\">\n\t\t\t\t\t<div class=\"elementor-column elementor-col-100 elementor-top-column elementor-element elementor-element-f500b0e\" data-id=\"f500b0e\" data-element_type=\"column\">\n\t\t\t<div class=\"elementor-widget-wrap elementor-element-populated\">\n\t\t\t\t\t\t\t\t<div class=\"elementor-element elementor-element-8b286d3 elementor-widget elementor-widget-heading\" data-id=\"8b286d3\" data-element_type=\"widget\" data-widget_type=\"heading.default\">\n\t\t\t\t<div class=\"elementor-widget-container\">\n\t\t\t<style>\/*! elementor - v3.5.6 - 28-02-2022 *\/\n.elementor-heading-title{padding:0;margin:0;line-height:1}.elementor-widget-heading .elementor-heading-title[class*=elementor-size-]>a{color:inherit;font-size:inherit;line-height:inherit}.elementor-widget-heading .elementor-heading-title.elementor-size-small{font-size:15px}.elementor-widget-heading .elementor-heading-title.elementor-size-medium{font-size:19px}.elementor-widget-heading .elementor-heading-title.elementor-size-large{font-size:29px}.elementor-widget-heading .elementor-heading-title.elementor-size-xl{font-size:39px}.elementor-widget-heading .elementor-heading-title.elementor-size-xxl{font-size:59px}<\/style><h1 class=\"elementor-heading-title elementor-size-default\">K\u0130\u015e\u0130L\u0130K TESTLER\u0130<\/h1>\t\t<\/div>\n\t\t\t\t<\/div>\n\t\t\t\t\t<\/div>\n\t\t<\/div>\n\t\t\t\t\t\t\t<\/div>\n\t\t<\/section>\n\t\t\t\t<section class=\"elementor-section elementor-top-section elementor-element elementor-element-e890068 elementor-section-boxed elementor-section-height-default elementor-section-height-default\" data-id=\"e890068\" data-element_type=\"section\">\n\t\t\t\t\t\t<div class=\"elementor-container elementor-column-gap-default\">\n\t\t\t\t\t<div class=\"elementor-column elementor-col-100 elementor-top-column elementor-element elementor-element-03cb17a\" data-id=\"03cb17a\" data-element_type=\"column\">\n\t\t\t<div class=\"elementor-widget-wrap elementor-element-populated\">\n\t\t\t\t\t\t\t\t<div class=\"elementor-element elementor-element-9d189b9 elementor-widget elementor-widget-text-editor\" data-id=\"9d189b9\" data-element_type=\"widget\" data-widget_type=\"text-editor.default\">\n\t\t\t\t<div class=\"elementor-widget-container\">\n\t\t\t<style>\/*! elementor - v3.5.6 - 28-02-2022 *\/\n.elementor-widget-text-editor.elementor-drop-cap-view-stacked .elementor-drop-cap{background-color:#818a91;color:#fff}.elementor-widget-text-editor.elementor-drop-cap-view-framed .elementor-drop-cap{color:#818a91;border:3px solid;background-color:transparent}.elementor-widget-text-editor:not(.elementor-drop-cap-view-default) .elementor-drop-cap{margin-top:8px}.elementor-widget-text-editor:not(.elementor-drop-cap-view-default) .elementor-drop-cap-letter{width:1em;height:1em}.elementor-widget-text-editor .elementor-drop-cap{float:left;text-align:center;line-height:1;font-size:50px}.elementor-widget-text-editor .elementor-drop-cap-letter{display:inline-block}<\/style>\t\t\t\t<p>Ki\u015filik Testi Nedir?<br \/>Ki\u015filik, bir bireyin \u00e7ocukluk \u00e7a\u011f\u0131ndan itibaren geli\u015fen bir\u00e7ok unsuru i\u00e7erisinde bar\u0131nd\u0131ran karma\u015f\u0131k bir yap\u0131d\u0131r. Ki\u015filik geli\u015fiminde genetik, \u00e7evresel ve sosyal bir\u00e7ok fakt\u00f6r bir arada etkili olur, yaln\u0131zca tek bir etkene ba\u011fl\u0131 olarak olu\u015fmaz. Bu nedenle ki\u015fili\u011fi \u00f6l\u00e7mek i\u00e7in geli\u015ftirilen ki\u015filik testlerinin bu zengin ve karma\u015f\u0131k yap\u0131y\u0131 do\u011fru analiz edebilecek yetkinlikte olmalar\u0131 gerekir.<\/p><p>Ki\u015filik testleri objektif testler ve projektif testler olarak ikiye ayr\u0131l\u0131r. G\u00fcn\u00fcm\u00fczde en \u00e7ok kullan\u0131lan ki\u015filik testleri objektif testlerdir. Objektif testler aras\u0131nda uygulamada en \u00e7ok tercih edilen testler; Minnesota \u00c7ok Y\u00f6nl\u00fc Ki\u015filik Envanteri- 2 (MMPI 2), 16PF Ki\u015filik Envanteri, Beck Depresyon \u00d6l\u00e7e\u011fi testleridir. En \u00e7ok tercih edilen projektif testler ise Rorschach M\u00fcrekkep Testi, Tematik Algi Testi (TAT) ve \u0130nsan \u00c7izim Testleridir.<\/p><p>Objektif Testler<br \/>Ki\u015filik bozukluklar\u0131nda en \u00e7ok kullan\u0131lan objektif ki\u015filik testi, 567 soruluk do\u011fru\/yanl\u0131\u015f soru formunda haz\u0131rlanm\u0131\u015f MMPI 2 testidir. \u0130lk defa 1940\u2019larda geli\u015ftirilen test 1989 y\u0131l\u0131nda b\u00fcy\u00fck oranda revize edilmi\u015f en son 2001 y\u0131l\u0131ndaki g\u00fcncellemelerle son halini alm\u0131\u015ft\u0131r.<\/p><p>MMPI 2 testi ki\u015filerin sorulara verdikleri yan\u0131tlar\u0131 pozitif ya da negatif korelasyonlarla ilgili \u00f6zelliklere ba\u011flayarak paranoya, hipomani, sosyal i\u00e7ed\u00f6n\u00fckl\u00fck, mask\u00fclenlik\/ feminenlik, psikopatoloji gibi ki\u015filik \u00f6zelliklerini\u00f6l\u00e7er. MMPI 2 testinin alan\u0131nda uzman bir psikolog taraf\u0131ndan yorumlanmas\u0131 testin g\u00fcvenilirli\u011fi a\u00e7\u0131s\u0131ndan \u00f6nemlidir.<\/p><p>16 PF testi ki\u015fili\u011fin 16 temel \u00f6zelli\u011fini \u00f6l\u00e7mek i\u00e7in geli\u015ftirilmi\u015ftir;<\/p><p>S\u0131cakl\u0131k<br \/>Muhakeme<br \/>Duygusal \u0130stikrar<br \/>Bask\u0131nl\u0131k<br \/>Canl\u0131l\u0131k<br \/>Kural Bilinci<br \/>Sosyal Cesaret<br \/>Hassasl\u0131k<br \/>\u0130htiyatl\u0131l\u0131k<br \/>Soyutluk<br \/>Mahremiyet<br \/>\u015e\u00fcphecilik<br \/>De\u011fi\u015fime A\u00e7\u0131kl\u0131k<br \/>\u00d6zg\u00fcven<br \/>M\u00fckemmeliyet\u00e7ilik<br \/>Gerginlik<br \/>16 PF ki\u015filik testi ki\u015filerin kendini daha iyi tan\u0131mas\u0131n\u0131 ve testi uygulayan uzman psikolo\u011fun dan\u0131\u015fan ile hangi yakla\u015f\u0131m\u0131 kullanarak ileti\u015fime ge\u00e7ece\u011fi konusunda yard\u0131mc\u0131 olmak i\u00e7in uygulan\u0131r.<\/p><p>Projektif Testler<br \/>Ki\u015filik testleri aras\u0131nda en \u00e7ok bilinen projektif ki\u015filik testi Rorschach M\u00fcrekkep Testidir. Test psikolo\u011fun ki\u015fiye \u00fczerinde 5 siyah beyaz ve 5 renkli m\u00fcrekkep lekesi olan kartlar\u0131 g\u00f6sterip ki\u015finin g\u00f6rd\u00fc\u011f\u00fc \u015fekilleri yorumlamas\u0131n\u0131 istemesiyle ger\u00e7ekle\u015fir.<\/p><p>Tematik Alg\u0131 Testi (TAT)<\/p><p>\u00dczerinde \u00e7e\u015fitli durumlarda olan insanlar\u0131n resimleri bulunan 31 karttan olu\u015fan bir projektifki\u015filik testidir. Baz\u0131 kartlarda sadece objelerin resimleri vard\u0131r, kartlardan bir tanesi ise bo\u015ftur. Test uygulanan ki\u015fiye kartlardan 10 ya da 20 tanesi verilir ve kartlarda g\u00f6rd\u00fckleriyle ilgili bir hikaye anlatmas\u0131 istenir. TAT testi puanlama yoluyla anlamland\u0131r\u0131lan bir test de\u011fildir, ki\u015filerin anlat\u0131mlar\u0131 do\u011frultusunda hayatlar\u0131nda tekrarlayan olaylar\u0131n yorumlanmas\u0131yla uygulan\u0131r. Resimlerin belirli ve standart bir \u201cdo\u011fru\u201d hikayeleri olmad\u0131\u011f\u0131 i\u00e7in ki\u015filerin hikayeleri bilin\u00e7altlar\u0131n\u0131n yans\u0131malar\u0131n\u0131 ya da i\u00e7sel \u00e7alkant\u0131lar\u0131n\u0131 g\u00f6sterebilir.<br \/>&#8212;&#8212;&#8212;&#8212;&#8212;&#8212;&#8212;&#8212;&#8212;&#8212;<wbr \/>&#8212;&#8212;&#8212;&#8212;&#8212;&#8212;-<\/p><p>EVL\u0130L\u0130K VE \u0130L\u0130\u015eK\u0130 KO\u00c7LU\u011eU<\/p><p>\u0130li\u015fki dan\u0131\u015fmanl\u0131\u011f\u0131, ki\u015filer aras\u0131 ili\u015fkileri daha doyum verici hale getirmek i\u00e7in ger\u00e7ekle\u015ftirilen bir dan\u0131\u015fmanl\u0131k s\u00fcrecidir. Sosyal, duygusal, cinsel, ekonomik ve g\u00f6r\u00fc\u015f ayr\u0131l\u0131klar\u0131 gibi bir \u00e7ok parametrelerde \u00e7at\u0131\u015fan \u00e7iftlerin, negatif etkilenimlerini de\u011fi\u015ftirmeyi ama\u00e7layan bir \u00e7al\u0131\u015fma \u015fekli uygulan\u0131r.<\/p><p>G\u00fcn\u00fcm\u00fczde, \u00f6zellikle b\u00fcy\u00fck \u015fehirlerde ya\u015faman\u0131n sebep oldu\u011fu yo\u011fun tempo, birbirine yeterince vakit ay\u0131ramamak, zaman\u0131nda \u00e7\u00f6z\u00fclmeyen sorunlar\u0131n yaratt\u0131\u011f\u0131 negatif birikimler vb. nedenlerle ili\u015fkiler yara almaktad\u0131r. \u0130li\u015fkilerindeki sorunlar\u0131 do\u011fru bir ileti\u015fim diliyle \u00e7\u00f6zemeyen, fikir ayr\u0131l\u0131klar\u0131n\u0131 kavga etmeden tart\u0131\u015fmay\u0131 ba\u015faramayan \u00e7iftler, bir noktada ili\u015fkiye ve birbirlerine olan inan\u00e7lar\u0131n\u0131 kaybetmeye ba\u015flarlar. Sorunlar\u0131n\u0131n \u201c\u00e7\u00f6z\u00fcms\u00fcz\u201d oldu\u011funa dair bir yan\u0131lg\u0131ya kap\u0131l\u0131rlar. Oysa objektif ve e\u011fitimli bir \u00fc\u00e7\u00fcnc\u00fc g\u00f6z, \u00e7o\u011fu zaman \u00e7iftin i\u00e7inde bulunduklar\u0131 duygusal \u00e7ukurdan \u00e7\u0131kmalar\u0131na ve \u00e7\u00f6z\u00fcm\u00fc bulmalar\u0131na yard\u0131mc\u0131 olur.<\/p>\t\t\t\t\t\t<\/div>\n\t\t\t\t<\/div>\n\t\t\t\t\t<\/div>\n\t\t<\/div>\n\t\t\t\t\t\t\t<\/div>\n\t\t<\/section>\n\t\t\t\t\t\t<\/div>\n\t\t\t\t\t<\/div>\n\t\t","protected":false},"excerpt":{"rendered":"<p>K\u0130\u015e\u0130L\u0130K TESTLER\u0130 Ki\u015filik Testi Nedir?Ki\u015filik, bir bireyin \u00e7ocukluk \u00e7a\u011f\u0131ndan itibaren geli\u015fen bir\u00e7ok unsuru i\u00e7erisinde bar\u0131nd\u0131ran karma\u015f\u0131k bir yap\u0131d\u0131r. Ki\u015filik geli\u015fiminde genetik, \u00e7evresel ve sosyal bir\u00e7ok fakt\u00f6r bir arada etkili olur, yaln\u0131zca tek bir etkene ba\u011fl\u0131 olarak olu\u015fmaz. Bu nedenle ki\u015fili\u011fi \u00f6l\u00e7mek i\u00e7in geli\u015ftirilen ki\u015filik testlerinin bu zengin ve karma\u015f\u0131k yap\u0131y\u0131 do\u011fru analiz edebilecek yetkinlikte olmalar\u0131 &hellip;<\/p>\n<p class=\"read-more\"> <a class=\"\" href=\"https:\/\/sifahatunyasamakademisi.com\/index.php\/kisilik-testleri\/\"> <span class=\"screen-reader-text\">K\u0130\u015e\u0130L\u0130K TESTLER\u0130<\/span> Devam\u0131 &raquo;<\/a><\/p>\n","protected":false},"author":1,"featured_media":0,"parent":0,"menu_order":0,"comment_status":"closed","ping_status":"closed","template":"","meta":{"site-sidebar-layout":"no-sidebar","site-content-layout":"page-builder","ast-main-header-display":"","ast-hfb-above-header-display":"","ast-hfb-below-header-display":"","ast-hfb-mobile-header-display":"","site-post-title":"disabled","ast-breadcrumbs-content":"disabled","ast-featured-img":"disabled","footer-sml-layout":"","theme-transparent-header-meta":"enabled","adv-header-id-meta":"","stick-header-meta":"","header-above-stick-meta":"","header-main-stick-meta":"","header-below-stick-meta":"","footnotes":""},"class_list":["post-424","page","type-page","status-publish","hentry"],"_links":{"self":[{"href":"https:\/\/sifahatunyasamakademisi.com\/index.php\/wp-json\/wp\/v2\/pages\/424","targetHints":{"allow":["GET"]}}],"collection":[{"href":"https:\/\/sifahatunyasamakademisi.com\/index.php\/wp-json\/wp\/v2\/pages"}],"about":[{"href":"https:\/\/sifahatunyasamakademisi.com\/index.php\/wp-json\/wp\/v2\/types\/page"}],"author":[{"embeddable":true,"href":"https:\/\/sifahatunyasamakademisi.com\/index.php\/wp-json\/wp\/v2\/users\/1"}],"replies":[{"embeddable":true,"href":"https:\/\/sifahatunyasamakademisi.com\/index.php\/wp-json\/wp\/v2\/comments?post=424"}],"version-history":[{"count":4,"href":"https:\/\/sifahatunyasamakademisi.com\/index.php\/wp-json\/wp\/v2\/pages\/424\/revisions"}],"predecessor-version":[{"id":445,"href":"https:\/\/sifahatunyasamakademisi.com\/index.php\/wp-json\/wp\/v2\/pages\/424\/revisions\/445"}],"wp:attachment":[{"href":"https:\/\/sifahatunyasamakademisi.com\/index.php\/wp-json\/wp\/v2\/media?parent=424"}],"curies":[{"name":"wp","href":"https:\/\/api.w.org\/{rel}","templated":true}]}}