{"id":417,"date":"2022-03-19T04:46:14","date_gmt":"2022-03-19T01:46:14","guid":{"rendered":"https:\/\/sifahatunyasamakademisi.com\/?page_id=417"},"modified":"2022-03-19T04:48:32","modified_gmt":"2022-03-19T01:48:32","slug":"psikodinamik-terapi","status":"publish","type":"page","link":"https:\/\/sifahatunyasamakademisi.com\/index.php\/psikodinamik-terapi\/","title":{"rendered":"PS\u0130KOD\u0130NAM\u0130K TERAP\u0130"},"content":{"rendered":"\t\t<div data-elementor-type=\"wp-page\" data-elementor-id=\"417\" class=\"elementor elementor-417\" data-elementor-settings=\"[]\">\n\t\t\t\t\t\t\t<div class=\"elementor-section-wrap\">\n\t\t\t\t\t\t\t<section class=\"elementor-section elementor-top-section elementor-element elementor-element-087085f elementor-section-boxed elementor-section-height-default elementor-section-height-default\" data-id=\"087085f\" data-element_type=\"section\" data-settings=\"{&quot;background_background&quot;:&quot;classic&quot;}\">\n\t\t\t\t\t\t\t<div class=\"elementor-background-overlay\"><\/div>\n\t\t\t\t\t\t\t<div class=\"elementor-container elementor-column-gap-no\">\n\t\t\t\t\t<div class=\"elementor-column elementor-col-100 elementor-top-column elementor-element elementor-element-f500b0e\" data-id=\"f500b0e\" data-element_type=\"column\">\n\t\t\t<div class=\"elementor-widget-wrap elementor-element-populated\">\n\t\t\t\t\t\t\t\t<div class=\"elementor-element elementor-element-8b286d3 elementor-widget elementor-widget-heading\" data-id=\"8b286d3\" data-element_type=\"widget\" data-widget_type=\"heading.default\">\n\t\t\t\t<div class=\"elementor-widget-container\">\n\t\t\t<style>\/*! elementor - v3.5.6 - 28-02-2022 *\/\n.elementor-heading-title{padding:0;margin:0;line-height:1}.elementor-widget-heading .elementor-heading-title[class*=elementor-size-]>a{color:inherit;font-size:inherit;line-height:inherit}.elementor-widget-heading .elementor-heading-title.elementor-size-small{font-size:15px}.elementor-widget-heading .elementor-heading-title.elementor-size-medium{font-size:19px}.elementor-widget-heading .elementor-heading-title.elementor-size-large{font-size:29px}.elementor-widget-heading .elementor-heading-title.elementor-size-xl{font-size:39px}.elementor-widget-heading .elementor-heading-title.elementor-size-xxl{font-size:59px}<\/style><h1 class=\"elementor-heading-title elementor-size-default\">\u00d6FKE KONTROL SORUNU<\/h1>\t\t<\/div>\n\t\t\t\t<\/div>\n\t\t\t\t\t<\/div>\n\t\t<\/div>\n\t\t\t\t\t\t\t<\/div>\n\t\t<\/section>\n\t\t\t\t<section class=\"elementor-section elementor-top-section elementor-element elementor-element-e890068 elementor-section-boxed elementor-section-height-default elementor-section-height-default\" data-id=\"e890068\" data-element_type=\"section\">\n\t\t\t\t\t\t<div class=\"elementor-container elementor-column-gap-default\">\n\t\t\t\t\t<div class=\"elementor-column elementor-col-100 elementor-top-column elementor-element elementor-element-03cb17a\" data-id=\"03cb17a\" data-element_type=\"column\">\n\t\t\t<div class=\"elementor-widget-wrap elementor-element-populated\">\n\t\t\t\t\t\t\t\t<div class=\"elementor-element elementor-element-9d189b9 elementor-widget elementor-widget-text-editor\" data-id=\"9d189b9\" data-element_type=\"widget\" data-widget_type=\"text-editor.default\">\n\t\t\t\t<div class=\"elementor-widget-container\">\n\t\t\t<style>\/*! elementor - v3.5.6 - 28-02-2022 *\/\n.elementor-widget-text-editor.elementor-drop-cap-view-stacked .elementor-drop-cap{background-color:#818a91;color:#fff}.elementor-widget-text-editor.elementor-drop-cap-view-framed .elementor-drop-cap{color:#818a91;border:3px solid;background-color:transparent}.elementor-widget-text-editor:not(.elementor-drop-cap-view-default) .elementor-drop-cap{margin-top:8px}.elementor-widget-text-editor:not(.elementor-drop-cap-view-default) .elementor-drop-cap-letter{width:1em;height:1em}.elementor-widget-text-editor .elementor-drop-cap{float:left;text-align:center;line-height:1;font-size:50px}.elementor-widget-text-editor .elementor-drop-cap-letter{display:inline-block}<\/style>\t\t\t\t<p>Bireyler kendileri ve \u00f6teki ki\u015filerle ilgili i\u00e7 izlenim ve beklentilerin (temsiller) \u00e7o\u011funu hayat\u0131n ilk \u00fc\u00e7 senesinde olu\u015ftururlar. Daha sonra edinilen deneyimlerle bu i\u00e7sel temsillerin baz\u0131lar\u0131 zay\u0131flar ve de\u011fi\u015fir baz\u0131lar\u0131 ise peki\u015ferek g\u00fc\u00e7lenir. \u0130\u00e7 alemimizdeki bu zengin ili\u015fki \u015febekesi g\u00fcnl\u00fck ya\u015fam\u0131m\u0131zda kendini belli eder. Baz\u0131s\u0131 bilin\u00e7li kararlar halinde baz\u0131s\u0131 da fark etmeden bizi al\u0131koyarak. Devaml\u0131 olarak ya\u015fanan korkular, endi\u015fe, kayg\u0131, isteksizlik, huzursuzluk, \u00f6fke gibi haller \u015febekenin k\u0131sa devre yapmas\u0131n\u0131n ifadesi olarak da tan\u0131mlanabilir. Bu \u015fikayetler asl\u0131nda insan\u0131n i\u00e7sel ihtiya\u00e7lar\u0131n\u0131n bir nevi yard\u0131m \u00e7a\u011fr\u0131s\u0131 olarak ele al\u0131nabilir.<\/p><p>Ki\u015filik \u00f6rg\u00fctlenmesinde ve yap\u0131s\u0131nda kal\u0131c\u0131 onar\u0131m isteyen dan\u0131\u015fana uzun menzilli analitik terapi \u00f6nerilir. Analitik terapi s\u00fcre\u011fen ve d\u00fczenli \u00e7er\u00e7evesi ile ki\u015finin i\u00e7 alemini irdelemesini ve ya\u015fant\u0131lar\u0131 ile temasa ge\u00e7ip anlamland\u0131rmas\u0131n\u0131 m\u00fcmk\u00fcn k\u0131lmaktad\u0131r. Dan\u0131\u015fan ve terapist i\u015f birli\u011fi i\u00e7inde \u00e7al\u0131\u015farak, dan\u0131\u015fan\u0131n ge\u00e7mi\u015finde faydal\u0131 de\u011fi\u015fiklikleri engelleyen unsurlar\u0131 tespit edip, ileriye y\u00f6nelik olumlu geli\u015fmelere yol a\u00e7arlar.<\/p><p>Psikodinamik Terapi var olan sorunlar\u0131n nas\u0131l olu\u015ftu\u011fu ve bu sorunlara kar\u015f\u0131 \u00fcretilmi\u015f olan bireysel ba\u015fa \u00e7\u0131kma tekniklerinin ki\u015fiye nas\u0131l zarar verdi\u011fi \u00fczerine odaklan\u0131r. Bu tekniklerin nas\u0131l d\u00fczeltilip geli\u015ftirerek yenilenece\u011fi \u00fczerinde \u00e7al\u0131\u015fmalar yap\u0131l\u0131r. Psikodinamik Terapi, \u00f6zellikle ki\u015filerin al\u0131\u015fkanl\u0131klar\u0131n\u0131n do\u011furdu\u011fu olumsuz sonu\u00e7lara dikkat \u00e7eker. Var olan sorunlar dan\u0131\u015fan\u0131n ge\u00e7mi\u015fi ve tecr\u00fcbelerinden yola \u00e7\u0131karak ele al\u0131n\u0131r. Daha sonra da, dan\u0131\u015fan\u0131n sahip oldu\u011fu g\u00fc\u00e7l\u00fc \u00f6zellikler ve kaynaklar yard\u0131m\u0131yla bu sorunlar \u00e7\u00f6z\u00fcl\u00fcr.<\/p><p>Psikodinamik Terapi, dan\u0131\u015fan ile terapistin ortak \u00e7al\u0131\u015fmas\u0131d\u0131r. \u015eekiller, ve \u015femalar yard\u0131m\u0131yla dan\u0131\u015fan\u0131n sorunlar\u0131 ele al\u0131\u015f \u015fekli incelenir. Bunun yan\u0131nda, bu s\u00fcrece katk\u0131da bulunacak notlar al\u0131n\u0131r ve dan\u0131\u015fanla payla\u015f\u0131l\u0131r. B\u00f6ylece, dan\u0131\u015fan\u0131n terapi s\u00fcresince \u00f6\u011frendiklerini uzun vadede hayat\u0131n\u0131n de\u011fi\u015fik alanlar\u0131nda kullanmas\u0131 sa\u011flan\u0131r.<\/p><p>Psikodinamik Terapi, bir\u00e7ok sorun ve bozukluk \u00fczerinde uygulanabilir. Bunlardan baz\u0131lar\u0131 depresyon, kayg\u0131, ve ili\u015fki problemleridir. Ba\u015far\u0131l\u0131 bir psikodinamik terapi deneyimi sonras\u0131 ki\u015fi, ki\u015fisel gayretler ile iyi olmaya motive olmak yerine oldu\u011fu \u015fekilde eski ya\u015fad\u0131\u011f\u0131 bask\u0131dan kurtulabilir.<\/p>\t\t\t\t\t\t<\/div>\n\t\t\t\t<\/div>\n\t\t\t\t\t<\/div>\n\t\t<\/div>\n\t\t\t\t\t\t\t<\/div>\n\t\t<\/section>\n\t\t\t\t\t\t<\/div>\n\t\t\t\t\t<\/div>\n\t\t","protected":false},"excerpt":{"rendered":"<p>\u00d6FKE KONTROL SORUNU Bireyler kendileri ve \u00f6teki ki\u015filerle ilgili i\u00e7 izlenim ve beklentilerin (temsiller) \u00e7o\u011funu hayat\u0131n ilk \u00fc\u00e7 senesinde olu\u015ftururlar. Daha sonra edinilen deneyimlerle bu i\u00e7sel temsillerin baz\u0131lar\u0131 zay\u0131flar ve de\u011fi\u015fir baz\u0131lar\u0131 ise peki\u015ferek g\u00fc\u00e7lenir. \u0130\u00e7 alemimizdeki bu zengin ili\u015fki \u015febekesi g\u00fcnl\u00fck ya\u015fam\u0131m\u0131zda kendini belli eder. Baz\u0131s\u0131 bilin\u00e7li kararlar halinde baz\u0131s\u0131 da fark etmeden bizi &hellip;<\/p>\n<p class=\"read-more\"> <a class=\"\" href=\"https:\/\/sifahatunyasamakademisi.com\/index.php\/psikodinamik-terapi\/\"> <span class=\"screen-reader-text\">PS\u0130KOD\u0130NAM\u0130K TERAP\u0130<\/span> Devam\u0131 &raquo;<\/a><\/p>\n","protected":false},"author":1,"featured_media":0,"parent":0,"menu_order":0,"comment_status":"closed","ping_status":"closed","template":"","meta":{"site-sidebar-layout":"no-sidebar","site-content-layout":"page-builder","ast-main-header-display":"","ast-hfb-above-header-display":"","ast-hfb-below-header-display":"","ast-hfb-mobile-header-display":"","site-post-title":"disabled","ast-breadcrumbs-content":"disabled","ast-featured-img":"disabled","footer-sml-layout":"","theme-transparent-header-meta":"enabled","adv-header-id-meta":"","stick-header-meta":"","header-above-stick-meta":"","header-main-stick-meta":"","header-below-stick-meta":"","footnotes":""},"class_list":["post-417","page","type-page","status-publish","hentry"],"_links":{"self":[{"href":"https:\/\/sifahatunyasamakademisi.com\/index.php\/wp-json\/wp\/v2\/pages\/417","targetHints":{"allow":["GET"]}}],"collection":[{"href":"https:\/\/sifahatunyasamakademisi.com\/index.php\/wp-json\/wp\/v2\/pages"}],"about":[{"href":"https:\/\/sifahatunyasamakademisi.com\/index.php\/wp-json\/wp\/v2\/types\/page"}],"author":[{"embeddable":true,"href":"https:\/\/sifahatunyasamakademisi.com\/index.php\/wp-json\/wp\/v2\/users\/1"}],"replies":[{"embeddable":true,"href":"https:\/\/sifahatunyasamakademisi.com\/index.php\/wp-json\/wp\/v2\/comments?post=417"}],"version-history":[{"count":4,"href":"https:\/\/sifahatunyasamakademisi.com\/index.php\/wp-json\/wp\/v2\/pages\/417\/revisions"}],"predecessor-version":[{"id":428,"href":"https:\/\/sifahatunyasamakademisi.com\/index.php\/wp-json\/wp\/v2\/pages\/417\/revisions\/428"}],"wp:attachment":[{"href":"https:\/\/sifahatunyasamakademisi.com\/index.php\/wp-json\/wp\/v2\/media?parent=417"}],"curies":[{"name":"wp","href":"https:\/\/api.w.org\/{rel}","templated":true}]}}