{"id":412,"date":"2022-03-19T04:45:41","date_gmt":"2022-03-19T01:45:41","guid":{"rendered":"https:\/\/sifahatunyasamakademisi.com\/?page_id=412"},"modified":"2022-03-19T04:46:49","modified_gmt":"2022-03-19T01:46:49","slug":"stratejik-aile-terapisi","status":"publish","type":"page","link":"https:\/\/sifahatunyasamakademisi.com\/index.php\/stratejik-aile-terapisi\/","title":{"rendered":"STRATEJ\u0130K A\u0130LE TERAP\u0130S\u0130"},"content":{"rendered":"\t\t<div data-elementor-type=\"wp-page\" data-elementor-id=\"412\" class=\"elementor elementor-412\" data-elementor-settings=\"[]\">\n\t\t\t\t\t\t\t<div class=\"elementor-section-wrap\">\n\t\t\t\t\t\t\t<section class=\"elementor-section elementor-top-section elementor-element elementor-element-087085f elementor-section-boxed elementor-section-height-default elementor-section-height-default\" data-id=\"087085f\" data-element_type=\"section\" data-settings=\"{&quot;background_background&quot;:&quot;classic&quot;}\">\n\t\t\t\t\t\t\t<div class=\"elementor-background-overlay\"><\/div>\n\t\t\t\t\t\t\t<div class=\"elementor-container elementor-column-gap-no\">\n\t\t\t\t\t<div class=\"elementor-column elementor-col-100 elementor-top-column elementor-element elementor-element-f500b0e\" data-id=\"f500b0e\" data-element_type=\"column\">\n\t\t\t<div class=\"elementor-widget-wrap elementor-element-populated\">\n\t\t\t\t\t\t\t\t<div class=\"elementor-element elementor-element-8b286d3 elementor-widget elementor-widget-heading\" data-id=\"8b286d3\" data-element_type=\"widget\" data-widget_type=\"heading.default\">\n\t\t\t\t<div class=\"elementor-widget-container\">\n\t\t\t<style>\/*! elementor - v3.5.6 - 28-02-2022 *\/\n.elementor-heading-title{padding:0;margin:0;line-height:1}.elementor-widget-heading .elementor-heading-title[class*=elementor-size-]>a{color:inherit;font-size:inherit;line-height:inherit}.elementor-widget-heading .elementor-heading-title.elementor-size-small{font-size:15px}.elementor-widget-heading .elementor-heading-title.elementor-size-medium{font-size:19px}.elementor-widget-heading .elementor-heading-title.elementor-size-large{font-size:29px}.elementor-widget-heading .elementor-heading-title.elementor-size-xl{font-size:39px}.elementor-widget-heading .elementor-heading-title.elementor-size-xxl{font-size:59px}<\/style><h1 class=\"elementor-heading-title elementor-size-default\">STRATEJ\u0130K A\u0130LE TERAP\u0130S\u0130<\/h1>\t\t<\/div>\n\t\t\t\t<\/div>\n\t\t\t\t\t<\/div>\n\t\t<\/div>\n\t\t\t\t\t\t\t<\/div>\n\t\t<\/section>\n\t\t\t\t<section class=\"elementor-section elementor-top-section elementor-element elementor-element-e890068 elementor-section-boxed elementor-section-height-default elementor-section-height-default\" data-id=\"e890068\" data-element_type=\"section\">\n\t\t\t\t\t\t<div class=\"elementor-container elementor-column-gap-default\">\n\t\t\t\t\t<div class=\"elementor-column elementor-col-100 elementor-top-column elementor-element elementor-element-03cb17a\" data-id=\"03cb17a\" data-element_type=\"column\">\n\t\t\t<div class=\"elementor-widget-wrap elementor-element-populated\">\n\t\t\t\t\t\t\t\t<div class=\"elementor-element elementor-element-9d189b9 elementor-widget elementor-widget-text-editor\" data-id=\"9d189b9\" data-element_type=\"widget\" data-widget_type=\"text-editor.default\">\n\t\t\t\t<div class=\"elementor-widget-container\">\n\t\t\t<style>\/*! elementor - v3.5.6 - 28-02-2022 *\/\n.elementor-widget-text-editor.elementor-drop-cap-view-stacked .elementor-drop-cap{background-color:#818a91;color:#fff}.elementor-widget-text-editor.elementor-drop-cap-view-framed .elementor-drop-cap{color:#818a91;border:3px solid;background-color:transparent}.elementor-widget-text-editor:not(.elementor-drop-cap-view-default) .elementor-drop-cap{margin-top:8px}.elementor-widget-text-editor:not(.elementor-drop-cap-view-default) .elementor-drop-cap-letter{width:1em;height:1em}.elementor-widget-text-editor .elementor-drop-cap{float:left;text-align:center;line-height:1;font-size:50px}.elementor-widget-text-editor .elementor-drop-cap-letter{display:inline-block}<\/style>\t\t\t\t<p>Stratejik aile terapisi do\u011frudan sorun \u00e7\u00f6zmeye odakl\u0131, aile \u00fcyeleri i\u015fbirli\u011fi yapsalar da yapmasalar da de\u011fi\u015fimi ama\u00e7layan bir psikoterapi y\u00f6ntemidir.<\/p><p>Stratejik aile terapisi do\u011frudan sorun \u00e7\u00f6zmeye odakl\u0131, aile \u00fcyeleri i\u015fbirli\u011fi yapsalar da yapmasalar da de\u011fi\u015fimi ama\u00e7layan bir psikoterapi y\u00f6ntemidir.<\/p><p>Stratejik aile terapisinde, pozitif geri bildirim d\u00f6ng\u00fcs\u00fc kavram\u0131 modelin temelini olu\u015fturur. Bir aile \u00fcyesinin sorunlu davran\u0131\u015f\u0131na aile \u00fcyelerince verilen tepki mevcut sorunu artt\u0131r\u0131yorsa pozitif geribildirim d\u00f6ng\u00fcs\u00fc s\u00f6z konusudur. Burada bir zorlu\u011fun sorun haline gelmesi, aile \u00fcyelerinin zorlu\u011fa verdikleri tepkilere ba\u011fl\u0131 olarak meydana gelmektedir. Bunu \u00f6rneklersek, 7 ya\u015f\u0131ndaki bir \u00e7ocuk yeni do\u011fan karde\u015fini bir tehdit olarak alg\u0131layarak huysuzluk ve yaramazl\u0131k yapmaya ba\u015flayabilir. Anne yeni do\u011fan bebe\u011fiyle ilgilenirken, baba da sen okullu oldun, derslerinle ilgilenmelisin gibi bir yakla\u015f\u0131m\u0131 \u00e7ocu\u011fun ilgi \u00e7ekmeye y\u00f6nelik yaramazl\u0131klar\u0131n\u0131 artt\u0131rabilir. Yaramazl\u0131\u011f\u0131 artan \u00e7ocu\u011fa, bu iyice haylazla\u015ft\u0131 diyerek anne- baba taraf\u0131ndan verilecek cezalar, art\u0131k sevilmiyorum inanc\u0131n\u0131 peki\u015ftirir ve aileye kar\u015f\u0131 giderek yabanc\u0131la\u015fmas\u0131na neden olur. \u00c7ocukta alt\u0131n\u0131 \u0131slatma gibi gerileme davran\u0131\u015flar\u0131, t\u0131rnak yeme gibi istenmeyen al\u0131\u015fkanl\u0131klar g\u00f6r\u00fclebilir. Bu bir k\u0131s\u0131r d\u00f6ng\u00fcd\u00fcr ve pozitif geribildirim d\u00f6ng\u00fcs\u00fcn\u00fc olu\u015fturur.<\/p><p>Stratejik aile terapisinde sorunlar\u0131n geli\u015fimi \u00fc\u00e7 yolla a\u00e7\u0131klan\u0131r.<\/p><p>Yanl\u0131\u015f \u00e7\u00f6z\u00fcmler ve yakla\u015f\u0131mlar sorunlar\u0131 kronikle\u015ftirir ve pozitif geribildirim d\u00f6ng\u00fcs\u00fc i\u015fler.<br \/>Hiyerar\u015fideki d\u00fczensizlikler.<br \/>Aile bireylerinden birinin di\u011ferini gizliden koruma veya denetlemeye \u00e7al\u0131\u015fmas\u0131.<br \/>Psikoterapi s\u00fcrecinde mevcut sorunu kimin, nas\u0131l \u00e7\u00f6zmeyi denedi\u011fini bulmak \u00f6nemlidir. Bazen kullan\u0131lan bir \u00e7\u00f6z\u00fcm sorunu daha da a\u011f\u0131rla\u015ft\u0131r\u0131r. Kocas\u0131n\u0131n kendisine zaman ay\u0131rmad\u0131\u011f\u0131ndan \u015fik\u00e2yet ederek s\u00fcrekli s\u00f6ylenen bir kad\u0131n b\u00fcy\u00fck olas\u0131l\u0131kla kocas\u0131n\u0131 daha da uzakla\u015ft\u0131racakt\u0131r. E\u015finin s\u00f6ylenmesinden bir an \u00f6nce kurtulup, huzur bulmak i\u00e7in onun iste\u011fini hemen kar\u015f\u0131layan kocan\u0131n da bir h\u0131n\u00e7 birikimiyle nefret duygular\u0131na kap\u0131lmas\u0131 m\u00fcmk\u00fcnd\u00fcr. Bundan dolay\u0131 evlilik terapilerinde sorun \u00e7\u00f6zme d\u00f6ng\u00fcs\u00fcn\u00fc \u015fekillendirerek, stratejik hedef olarak dan\u0131\u015fan\u0131n yapt\u0131\u011f\u0131n\u0131n tam tersine y\u00f6nlenilir.<\/p><p>Ailede hasta olarak tan\u0131mlanan bireyin ya\u015fad\u0131\u011f\u0131 sorunlar\u0131n ailede koruyucu bir i\u015flevinin olup olmamas\u0131 da \u00f6nemlidir. &#8220;Bu sorun sizi mi, e\u015finizi mi daha \u00e7ok endi\u015felendiriyor?&#8221; sorusuna al\u0131nacak yan\u0131t, soruna y\u00f6nelik sistemik bak\u0131\u015f a\u00e7\u0131s\u0131n\u0131 olu\u015fturacakt\u0131r.<\/p><p>Sorun ve hedef saptand\u0131ktan sonra, sorunu s\u00fcrd\u00fcrmeyi yanl\u0131\u015fl\u0131kla destekleyen denenmi\u015f \u00e7\u00f6z\u00fcmler ara\u015ft\u0131r\u0131l\u0131r. Burada genelde yap\u0131lan \u00fc\u00e7 yanl\u0131\u015f vard\u0131r.<\/p><p>Eyleme ge\u00e7ilece\u011fi yerde sorun yads\u0131n\u0131r, hal\u0131 alt\u0131na s\u00fcp\u00fcr\u00fclmeye \u00e7al\u0131\u015f\u0131l\u0131r. \u00d6rne\u011fin, ergen \u00e7ocuklar\u0131n\u0131n uyu\u015fturucu kulland\u0131\u011f\u0131n\u0131 g\u00f6steren t\u00fcm deliller mevcut da olsa aile bunu kabullenmek istemez, son ana kadar bir \u015fey yapmaz.<br \/>Ger\u00e7ekte sorun olmayan bir davran\u0131\u015f\u0131 \u00e7\u00f6zmeye y\u00f6nelik \u00e7abayla kendi kendine sorun yarat\u0131l\u0131r. \u00d6rne\u011fin, mast\u00fcrbasyon yapt\u0131\u011f\u0131 g\u00f6r\u00fclen \u00e7ocu\u011fa b\u00fcy\u00fck tepki verilir, yeni do\u011fan karde\u015fini k\u0131skanan ve yaramazl\u0131k dozunu artt\u0131ran \u00e7ocuk hiperaktif olarak alg\u0131lanarak doktora g\u00f6t\u00fcr\u00fcl\u00fcr.<br \/>\u00c7\u00f6z\u00fcm, olmas\u0131 gerekenden apayr\u0131, tamamen yanl\u0131\u015f bir d\u00fczeyde sa\u011flanmaya \u00e7al\u0131\u015f\u0131l\u0131r. \u00d6rne\u011fin, e\u015finden kendine biraz daha zaman ay\u0131rmas\u0131n\u0131 isteyen, konu\u015fmaya ihtiyac\u0131 olan bir kad\u0131na de\u011ferli hediyeler alarak sorunu \u00e7\u00f6zmeye \u00e7al\u0131\u015fmak gibi.<br \/>\u00d6zetle stratejik aile terapileri, aile ve evlilik sorunlar\u0131n\u0131n \u00e7\u00f6z\u00fcm\u00fcnde ileti\u015fimi baz alan, ilk ve etkili tedavi y\u00f6ntemlerinden biridir. Burada ailelerin kurallarla y\u00f6netilen, dengenin sa\u011flanmas\u0131nda geribildirim mekanizmalar\u0131n\u0131n rol\u00fc oldu\u011fu sistemler olarak de\u011ferlendirilmesi s\u00f6z konusudur. Ailenin etkile\u015fim bi\u00e7imini de\u011fi\u015ftirmek i\u00e7in i\u00e7 g\u00f6r\u00fc ve anlay\u0131\u015f ile fark\u0131ndal\u0131\u011f\u0131 artt\u0131rmak yerine do\u011frudan de\u011fi\u015fimi tetikleyen stratejiler uygulan\u0131r. Ailedeki yap\u0131sal de\u011fi\u015fimin ger\u00e7ekle\u015fmesi ve hiyerar\u015finin d\u00fczeltilmesi psikoterapinin ba\u015far\u0131s\u0131 i\u00e7in \u015fartt\u0131r.<\/p>\t\t\t\t\t\t<\/div>\n\t\t\t\t<\/div>\n\t\t\t\t\t<\/div>\n\t\t<\/div>\n\t\t\t\t\t\t\t<\/div>\n\t\t<\/section>\n\t\t\t\t\t\t<\/div>\n\t\t\t\t\t<\/div>\n\t\t","protected":false},"excerpt":{"rendered":"<p>STRATEJ\u0130K A\u0130LE TERAP\u0130S\u0130 Stratejik aile terapisi do\u011frudan sorun \u00e7\u00f6zmeye odakl\u0131, aile \u00fcyeleri i\u015fbirli\u011fi yapsalar da yapmasalar da de\u011fi\u015fimi ama\u00e7layan bir psikoterapi y\u00f6ntemidir. Stratejik aile terapisi do\u011frudan sorun \u00e7\u00f6zmeye odakl\u0131, aile \u00fcyeleri i\u015fbirli\u011fi yapsalar da yapmasalar da de\u011fi\u015fimi ama\u00e7layan bir psikoterapi y\u00f6ntemidir. Stratejik aile terapisinde, pozitif geri bildirim d\u00f6ng\u00fcs\u00fc kavram\u0131 modelin temelini olu\u015fturur. Bir aile \u00fcyesinin &hellip;<\/p>\n<p class=\"read-more\"> <a class=\"\" href=\"https:\/\/sifahatunyasamakademisi.com\/index.php\/stratejik-aile-terapisi\/\"> <span class=\"screen-reader-text\">STRATEJ\u0130K A\u0130LE TERAP\u0130S\u0130<\/span> Devam\u0131 &raquo;<\/a><\/p>\n","protected":false},"author":1,"featured_media":0,"parent":0,"menu_order":0,"comment_status":"closed","ping_status":"closed","template":"","meta":{"site-sidebar-layout":"no-sidebar","site-content-layout":"page-builder","ast-main-header-display":"","ast-hfb-above-header-display":"","ast-hfb-below-header-display":"","ast-hfb-mobile-header-display":"","site-post-title":"disabled","ast-breadcrumbs-content":"disabled","ast-featured-img":"disabled","footer-sml-layout":"","theme-transparent-header-meta":"enabled","adv-header-id-meta":"","stick-header-meta":"","header-above-stick-meta":"","header-main-stick-meta":"","header-below-stick-meta":"","footnotes":""},"class_list":["post-412","page","type-page","status-publish","hentry"],"_links":{"self":[{"href":"https:\/\/sifahatunyasamakademisi.com\/index.php\/wp-json\/wp\/v2\/pages\/412","targetHints":{"allow":["GET"]}}],"collection":[{"href":"https:\/\/sifahatunyasamakademisi.com\/index.php\/wp-json\/wp\/v2\/pages"}],"about":[{"href":"https:\/\/sifahatunyasamakademisi.com\/index.php\/wp-json\/wp\/v2\/types\/page"}],"author":[{"embeddable":true,"href":"https:\/\/sifahatunyasamakademisi.com\/index.php\/wp-json\/wp\/v2\/users\/1"}],"replies":[{"embeddable":true,"href":"https:\/\/sifahatunyasamakademisi.com\/index.php\/wp-json\/wp\/v2\/comments?post=412"}],"version-history":[{"count":4,"href":"https:\/\/sifahatunyasamakademisi.com\/index.php\/wp-json\/wp\/v2\/pages\/412\/revisions"}],"predecessor-version":[{"id":421,"href":"https:\/\/sifahatunyasamakademisi.com\/index.php\/wp-json\/wp\/v2\/pages\/412\/revisions\/421"}],"wp:attachment":[{"href":"https:\/\/sifahatunyasamakademisi.com\/index.php\/wp-json\/wp\/v2\/media?parent=412"}],"curies":[{"name":"wp","href":"https:\/\/api.w.org\/{rel}","templated":true}]}}