{"id":407,"date":"2022-03-19T04:44:47","date_gmt":"2022-03-19T01:44:47","guid":{"rendered":"https:\/\/sifahatunyasamakademisi.com\/?page_id=407"},"modified":"2022-03-19T04:46:05","modified_gmt":"2022-03-19T01:46:05","slug":"cinsel-terapi","status":"publish","type":"page","link":"https:\/\/sifahatunyasamakademisi.com\/index.php\/cinsel-terapi\/","title":{"rendered":"C\u0130NSEL TERAP\u0130"},"content":{"rendered":"\t\t<div data-elementor-type=\"wp-page\" data-elementor-id=\"407\" class=\"elementor elementor-407\" data-elementor-settings=\"[]\">\n\t\t\t\t\t\t\t<div class=\"elementor-section-wrap\">\n\t\t\t\t\t\t\t<section class=\"elementor-section elementor-top-section elementor-element elementor-element-087085f elementor-section-boxed elementor-section-height-default elementor-section-height-default\" data-id=\"087085f\" data-element_type=\"section\" data-settings=\"{&quot;background_background&quot;:&quot;classic&quot;}\">\n\t\t\t\t\t\t\t<div class=\"elementor-background-overlay\"><\/div>\n\t\t\t\t\t\t\t<div class=\"elementor-container elementor-column-gap-no\">\n\t\t\t\t\t<div class=\"elementor-column elementor-col-100 elementor-top-column elementor-element elementor-element-f500b0e\" data-id=\"f500b0e\" data-element_type=\"column\">\n\t\t\t<div class=\"elementor-widget-wrap elementor-element-populated\">\n\t\t\t\t\t\t\t\t<div class=\"elementor-element elementor-element-8b286d3 elementor-widget elementor-widget-heading\" data-id=\"8b286d3\" data-element_type=\"widget\" data-widget_type=\"heading.default\">\n\t\t\t\t<div class=\"elementor-widget-container\">\n\t\t\t<style>\/*! elementor - v3.5.6 - 28-02-2022 *\/\n.elementor-heading-title{padding:0;margin:0;line-height:1}.elementor-widget-heading .elementor-heading-title[class*=elementor-size-]>a{color:inherit;font-size:inherit;line-height:inherit}.elementor-widget-heading .elementor-heading-title.elementor-size-small{font-size:15px}.elementor-widget-heading .elementor-heading-title.elementor-size-medium{font-size:19px}.elementor-widget-heading .elementor-heading-title.elementor-size-large{font-size:29px}.elementor-widget-heading .elementor-heading-title.elementor-size-xl{font-size:39px}.elementor-widget-heading .elementor-heading-title.elementor-size-xxl{font-size:59px}<\/style><h1 class=\"elementor-heading-title elementor-size-default\">C\u0130NSEL TERAP\u0130<\/h1>\t\t<\/div>\n\t\t\t\t<\/div>\n\t\t\t\t\t<\/div>\n\t\t<\/div>\n\t\t\t\t\t\t\t<\/div>\n\t\t<\/section>\n\t\t\t\t<section class=\"elementor-section elementor-top-section elementor-element elementor-element-e890068 elementor-section-boxed elementor-section-height-default elementor-section-height-default\" data-id=\"e890068\" data-element_type=\"section\">\n\t\t\t\t\t\t<div class=\"elementor-container elementor-column-gap-default\">\n\t\t\t\t\t<div class=\"elementor-column elementor-col-100 elementor-top-column elementor-element elementor-element-03cb17a\" data-id=\"03cb17a\" data-element_type=\"column\">\n\t\t\t<div class=\"elementor-widget-wrap elementor-element-populated\">\n\t\t\t\t\t\t\t\t<div class=\"elementor-element elementor-element-9d189b9 elementor-widget elementor-widget-text-editor\" data-id=\"9d189b9\" data-element_type=\"widget\" data-widget_type=\"text-editor.default\">\n\t\t\t\t<div class=\"elementor-widget-container\">\n\t\t\t<style>\/*! elementor - v3.5.6 - 28-02-2022 *\/\n.elementor-widget-text-editor.elementor-drop-cap-view-stacked .elementor-drop-cap{background-color:#818a91;color:#fff}.elementor-widget-text-editor.elementor-drop-cap-view-framed .elementor-drop-cap{color:#818a91;border:3px solid;background-color:transparent}.elementor-widget-text-editor:not(.elementor-drop-cap-view-default) .elementor-drop-cap{margin-top:8px}.elementor-widget-text-editor:not(.elementor-drop-cap-view-default) .elementor-drop-cap-letter{width:1em;height:1em}.elementor-widget-text-editor .elementor-drop-cap{float:left;text-align:center;line-height:1;font-size:50px}.elementor-widget-text-editor .elementor-drop-cap-letter{display:inline-block}<\/style>\t\t\t\t<p>Birey davran\u0131\u015f\u0131 ve cinselli\u011fi bedensel, psikolojik, sosyal ko\u015fullardan etkilenir. Cinsellik kavram\u0131 sadece cinsel organlarla s\u0131n\u0131rl\u0131 kalm\u0131\u015f de\u011fildir. Cinsellikle ilgili duygular, d\u00fc\u015f\u00fcnceler ve yerle\u015fmi\u015f inan\u00e7lar vard\u0131r. Yerle\u015fmi\u015f d\u00fc\u015f\u00fcncelerin \u00e7o\u011fu zaman hatal\u0131 olabildi\u011fi bilinmektedir. Cinsel sorunlar\u0131n ve bozukluklar\u0131n ortaya \u00e7\u0131k\u0131\u015f\u0131nda ki\u015finin fiziksel ve psikolojik fakt\u00f6rleri ya da ikili ili\u015fkilerin etkile\u015fimleri \u00f6nc\u00fcl olabilir. Do\u011fal olarak cinsel sorunlar\u0131n tedavisi de, olu\u015fumunda rol oynayan etkenlere g\u00f6re de\u011fi\u015febilir. Ki\u015fi ile g\u00f6r\u00fc\u015f\u00fclerek sorunu ortaya \u00e7\u0131karan, yerle\u015fmesine neden olan etkenler birlikte incelenir.<\/p><p>Cinsel i\u015flev bozuklu\u011fu t\u0131bbi veya biyolojik bir nedene ba\u011fl\u0131 ise, tedavisi ila\u00e7 veya farkl\u0131 t\u0131bbi y\u00f6ntemlerle olacakt\u0131r. Ancak bu durumda tedaviyi, \u00fcrologlar, kad\u0131n hastal\u0131klar\u0131 ve do\u011fum uzmanlar\u0131 ya da psikiyatristler yaparlar. E\u011fer cinsel sorun psikolojik etmenlerle ili\u015fkili ise veya t\u0131bbi bir nedene ba\u011fl\u0131 olarak geli\u015fmi\u015f olsa bile psikolojik etmenler sorunu a\u011f\u0131rla\u015ft\u0131rm\u0131\u015fsa, cinsel terapiler uygulanmal\u0131 ya da ilave edilmelidir. Cinsel terapileri ise cinsel terapi konusunda e\u011fitim alm\u0131\u015f terapistler yapabilir.<\/p><p>Cinsel i\u015flev bozuklu\u011fu olan bireylere uygulanan ve etkili oldu\u011fu bilinen cinsel tedaviler asl\u0131nda \u00f6zel bir \u00f6\u011frenme \u015feklidir. Bu \u00f6\u011frenme s\u00fcrecinde ki\u015fiye temel olarak \u015funlar \u00f6\u011fretilir: Genel olarak psikoterapilerde ve \u00f6zellikle de cinsel tedavilerde ki\u015fiye \u00f6zel ve g\u00fcvenli bir \u00f6\u011frenme ortam\u0131 olu\u015fturulur. Bu ortamda ki\u015fi kendi denetimi alt\u0131nda kendisini, kimli\u011fini, bedenini, ili\u015fkisini ke\u015ffetmeye cesaretlendirilir ve \u00f6zg\u00fcven kazand\u0131r\u0131l\u0131r. Bu ke\u015fif ve \u00f6\u011frenim ki\u015finin \u00f6zelliklerine g\u00f6re de\u011fi\u015fen bir h\u0131zda ve a\u015fama a\u015fama olur.<\/p><p>Cinsel terapide ba\u015far\u0131 oran\u0131 genellikle y\u00fcksektir. Kad\u0131n cinsel i\u015flev bozukluklar\u0131 aras\u0131nda en s\u0131k g\u00f6r\u00fclen vajinismus tedavi a\u00e7\u0131s\u0131ndan en y\u00fcz g\u00fcld\u00fcr\u00fcc\u00fc sorundur. Cinsel terapiye en iyi ve en k\u0131sa s\u00fcrede yan\u0131t veren cinsel i\u015flev bozuklu\u011fu oldu\u011fu da g\u00f6r\u00fclmektedir.<\/p><p>Cinsel eylemin insanlar\u0131n d\u00fc\u015f\u00fcnd\u00fc\u011f\u00fcnden daha karma\u015f\u0131k mekanizmalar taraf\u0131ndan etkilenen bir davran\u0131\u015f oldu\u011funu s\u00f6yleyebiliriz. Uyar\u0131lma bir\u00e7ok fakt\u00f6r taraf\u0131ndan etkilenmeye a\u00e7\u0131kt\u0131r. Cinselli\u011fi \u00e7evreleyen fakt\u00f6rler \u00f6nemlidir. Bunlar ileti\u015fim, g\u00fcven hissi ve mahremiyettir.<\/p><p>Cinsellikle \u0130lgili \u00d6nemli Bilgiler;<\/p><p>Cinsellik, ya\u015fam\u0131n sa\u011fl\u0131kl\u0131 ve do\u011fal bir par\u00e7as\u0131d\u0131r. \u0130nsan cinselli\u011fi sadece \u00fcreme amac\u0131 ta\u015f\u0131maz, cinsellik haz amac\u0131yla ya\u015fan\u0131r. Bu ba\u011flamda i\u00e7erisinde cinsel arzular ve fanteziler ya\u015fanmas\u0131 normal ve s\u00fcrecin par\u00e7as\u0131d\u0131r.<br \/>Cinsellik t\u00fcm insanlara \u00f6zg\u00fcd\u00fcr.<br \/>Cinsellik fiziksel, duygusal, zihinsel oldu\u011fu kadar toplumsal, sosyal ve entelekt\u00fcel \u00f6\u011feleri de bar\u0131nd\u0131r\u0131r.<br \/>Her insan\u0131n cinsel y\u00f6nelimine uygun davran\u0131\u015fta bulunma ve ya\u015fama hakk\u0131 vard\u0131r.<br \/>Cinsel ya\u015fam zorlama, bask\u0131 ve s\u00f6m\u00fcr\u00fcden uzak olmal\u0131d\u0131r.<br \/>Cinsel ili\u015fkilerde kar\u015f\u0131l\u0131kl\u0131 sevgi, payla\u015f\u0131m ve birbirine \u00f6zen g\u00f6sterme egemen olmal\u0131d\u0131r. Kar\u015f\u0131l\u0131kl\u0131 sevgi ve sayg\u0131ya dayanan cinsellik daha doyurucu ve sa\u011fl\u0131kl\u0131d\u0131r.<br \/>Cinselli\u011fi ya\u015famaya erken ya\u015fta ba\u015flamak bir tak\u0131m riskleri beraberinde getirir. Cinsel davran\u0131\u015f sorumluluk ve \u00f6z denetim gerektirir. Gen\u00e7lerin cinsel konulara merak\u0131 olmas\u0131 son derece normaldir. Gen\u00e7lerden cinsel ya\u015famlar\u0131 kar\u015f\u0131s\u0131nda sorumluluk bekleniyorsa onlara bu konuda gerekli ve do\u011fru bilgilerin verilmesi gerekmektedir. Gerekti\u011finde hizmet alabilecekleri kurulu\u015flar\u0131n bilgisi gen\u00e7lere verilmeli ve bilgilendirilmelidirler.<br \/>\u00c7ocuklar\u0131n cinsellikle ilgili bilgileri anne babalar\u0131yla ya da g\u00fcvendikleri kimselerle payla\u015fmalar\u0131 yararl\u0131 olur. Cinselli\u011fin do\u011fal oldu\u011fu utan\u0131lacak bir \u015fey olmad\u0131\u011f\u0131 bilgisi onlarla payla\u015f\u0131lmal\u0131d\u0131r.<br \/>\u00c7ocuklar cinsiyeti g\u00f6zetilmeden sevilmeli ve bak\u0131lmal\u0131d\u0131r.<\/p><p>Cinsel sorunlar\u0131n nedenleri;<\/p><p>Cinsel e\u011fitimsizlik ve bilgisizlik.<br \/>Cinsel ya\u015famda yanl\u0131\u015f inan\u0131\u015flar.<br \/>Cinsel istek azl\u0131\u011f\u0131.<br \/>Cinsel tiksinti bozuklu\u011fu.<br \/>Kad\u0131nlarda orgazm bozuklu\u011fu.<br \/>Erektil disfonksiyon.<br \/>Erken bo\u015falma.<br \/>Cinsel Fobiler.<\/p><p>\u015eifa Hatun Ya\u015fam Akademisi Uzman Kadrosu ile Cinsel Sorunlar\u0131n\u0131zda Hizmetinizde.<\/p>\t\t\t\t\t\t<\/div>\n\t\t\t\t<\/div>\n\t\t\t\t\t<\/div>\n\t\t<\/div>\n\t\t\t\t\t\t\t<\/div>\n\t\t<\/section>\n\t\t\t\t\t\t<\/div>\n\t\t\t\t\t<\/div>\n\t\t","protected":false},"excerpt":{"rendered":"<p>C\u0130NSEL TERAP\u0130 Birey davran\u0131\u015f\u0131 ve cinselli\u011fi bedensel, psikolojik, sosyal ko\u015fullardan etkilenir. Cinsellik kavram\u0131 sadece cinsel organlarla s\u0131n\u0131rl\u0131 kalm\u0131\u015f de\u011fildir. Cinsellikle ilgili duygular, d\u00fc\u015f\u00fcnceler ve yerle\u015fmi\u015f inan\u00e7lar vard\u0131r. Yerle\u015fmi\u015f d\u00fc\u015f\u00fcncelerin \u00e7o\u011fu zaman hatal\u0131 olabildi\u011fi bilinmektedir. Cinsel sorunlar\u0131n ve bozukluklar\u0131n ortaya \u00e7\u0131k\u0131\u015f\u0131nda ki\u015finin fiziksel ve psikolojik fakt\u00f6rleri ya da ikili ili\u015fkilerin etkile\u015fimleri \u00f6nc\u00fcl olabilir. Do\u011fal olarak cinsel &hellip;<\/p>\n<p class=\"read-more\"> <a class=\"\" href=\"https:\/\/sifahatunyasamakademisi.com\/index.php\/cinsel-terapi\/\"> <span class=\"screen-reader-text\">C\u0130NSEL TERAP\u0130<\/span> Devam\u0131 &raquo;<\/a><\/p>\n","protected":false},"author":1,"featured_media":0,"parent":0,"menu_order":0,"comment_status":"closed","ping_status":"closed","template":"","meta":{"site-sidebar-layout":"no-sidebar","site-content-layout":"page-builder","ast-main-header-display":"","ast-hfb-above-header-display":"","ast-hfb-below-header-display":"","ast-hfb-mobile-header-display":"","site-post-title":"disabled","ast-breadcrumbs-content":"disabled","ast-featured-img":"disabled","footer-sml-layout":"","theme-transparent-header-meta":"enabled","adv-header-id-meta":"","stick-header-meta":"","header-above-stick-meta":"","header-main-stick-meta":"","header-below-stick-meta":"","footnotes":""},"class_list":["post-407","page","type-page","status-publish","hentry"],"_links":{"self":[{"href":"https:\/\/sifahatunyasamakademisi.com\/index.php\/wp-json\/wp\/v2\/pages\/407","targetHints":{"allow":["GET"]}}],"collection":[{"href":"https:\/\/sifahatunyasamakademisi.com\/index.php\/wp-json\/wp\/v2\/pages"}],"about":[{"href":"https:\/\/sifahatunyasamakademisi.com\/index.php\/wp-json\/wp\/v2\/types\/page"}],"author":[{"embeddable":true,"href":"https:\/\/sifahatunyasamakademisi.com\/index.php\/wp-json\/wp\/v2\/users\/1"}],"replies":[{"embeddable":true,"href":"https:\/\/sifahatunyasamakademisi.com\/index.php\/wp-json\/wp\/v2\/comments?post=407"}],"version-history":[{"count":4,"href":"https:\/\/sifahatunyasamakademisi.com\/index.php\/wp-json\/wp\/v2\/pages\/407\/revisions"}],"predecessor-version":[{"id":416,"href":"https:\/\/sifahatunyasamakademisi.com\/index.php\/wp-json\/wp\/v2\/pages\/407\/revisions\/416"}],"wp:attachment":[{"href":"https:\/\/sifahatunyasamakademisi.com\/index.php\/wp-json\/wp\/v2\/media?parent=407"}],"curies":[{"name":"wp","href":"https:\/\/api.w.org\/{rel}","templated":true}]}}