{"id":397,"date":"2022-03-19T04:43:38","date_gmt":"2022-03-19T01:43:38","guid":{"rendered":"https:\/\/sifahatunyasamakademisi.com\/?page_id=397"},"modified":"2022-03-19T04:44:37","modified_gmt":"2022-03-19T01:44:37","slug":"psikolojik-danismanlik","status":"publish","type":"page","link":"https:\/\/sifahatunyasamakademisi.com\/index.php\/psikolojik-danismanlik\/","title":{"rendered":"PS\u0130KOLOJ\u0130K DANI\u015eMANLIK"},"content":{"rendered":"\t\t<div data-elementor-type=\"wp-page\" data-elementor-id=\"397\" class=\"elementor elementor-397\" data-elementor-settings=\"[]\">\n\t\t\t\t\t\t\t<div class=\"elementor-section-wrap\">\n\t\t\t\t\t\t\t<section class=\"elementor-section elementor-top-section elementor-element elementor-element-087085f elementor-section-boxed elementor-section-height-default elementor-section-height-default\" data-id=\"087085f\" data-element_type=\"section\" data-settings=\"{&quot;background_background&quot;:&quot;classic&quot;}\">\n\t\t\t\t\t\t\t<div class=\"elementor-background-overlay\"><\/div>\n\t\t\t\t\t\t\t<div class=\"elementor-container elementor-column-gap-no\">\n\t\t\t\t\t<div class=\"elementor-column elementor-col-100 elementor-top-column elementor-element elementor-element-f500b0e\" data-id=\"f500b0e\" data-element_type=\"column\">\n\t\t\t<div class=\"elementor-widget-wrap elementor-element-populated\">\n\t\t\t\t\t\t\t\t<div class=\"elementor-element elementor-element-8b286d3 elementor-widget elementor-widget-heading\" data-id=\"8b286d3\" data-element_type=\"widget\" data-widget_type=\"heading.default\">\n\t\t\t\t<div class=\"elementor-widget-container\">\n\t\t\t<style>\/*! elementor - v3.5.6 - 28-02-2022 *\/\n.elementor-heading-title{padding:0;margin:0;line-height:1}.elementor-widget-heading .elementor-heading-title[class*=elementor-size-]>a{color:inherit;font-size:inherit;line-height:inherit}.elementor-widget-heading .elementor-heading-title.elementor-size-small{font-size:15px}.elementor-widget-heading .elementor-heading-title.elementor-size-medium{font-size:19px}.elementor-widget-heading .elementor-heading-title.elementor-size-large{font-size:29px}.elementor-widget-heading .elementor-heading-title.elementor-size-xl{font-size:39px}.elementor-widget-heading .elementor-heading-title.elementor-size-xxl{font-size:59px}<\/style><h1 class=\"elementor-heading-title elementor-size-default\">PS\u0130KOLOJ\u0130K DANI\u015eMANLIK<\/h1>\t\t<\/div>\n\t\t\t\t<\/div>\n\t\t\t\t\t<\/div>\n\t\t<\/div>\n\t\t\t\t\t\t\t<\/div>\n\t\t<\/section>\n\t\t\t\t<section class=\"elementor-section elementor-top-section elementor-element elementor-element-e890068 elementor-section-boxed elementor-section-height-default elementor-section-height-default\" data-id=\"e890068\" data-element_type=\"section\">\n\t\t\t\t\t\t<div class=\"elementor-container elementor-column-gap-default\">\n\t\t\t\t\t<div class=\"elementor-column elementor-col-100 elementor-top-column elementor-element elementor-element-03cb17a\" data-id=\"03cb17a\" data-element_type=\"column\">\n\t\t\t<div class=\"elementor-widget-wrap elementor-element-populated\">\n\t\t\t\t\t\t\t\t<div class=\"elementor-element elementor-element-9d189b9 elementor-widget elementor-widget-text-editor\" data-id=\"9d189b9\" data-element_type=\"widget\" data-widget_type=\"text-editor.default\">\n\t\t\t\t<div class=\"elementor-widget-container\">\n\t\t\t<style>\/*! elementor - v3.5.6 - 28-02-2022 *\/\n.elementor-widget-text-editor.elementor-drop-cap-view-stacked .elementor-drop-cap{background-color:#818a91;color:#fff}.elementor-widget-text-editor.elementor-drop-cap-view-framed .elementor-drop-cap{color:#818a91;border:3px solid;background-color:transparent}.elementor-widget-text-editor:not(.elementor-drop-cap-view-default) .elementor-drop-cap{margin-top:8px}.elementor-widget-text-editor:not(.elementor-drop-cap-view-default) .elementor-drop-cap-letter{width:1em;height:1em}.elementor-widget-text-editor .elementor-drop-cap{float:left;text-align:center;line-height:1;font-size:50px}.elementor-widget-text-editor .elementor-drop-cap-letter{display:inline-block}<\/style>\t\t\t\t<p>Psikoloji d\u00fcnyas\u0131nda yard\u0131m arayan ya da yard\u0131ma gereksinimi olan ki\u015filere dan\u0131\u015fan denir.<\/p><p>Dan\u0131\u015fanlar,<\/p><p>Kendi g\u00f6z\u00fcnde ya da di\u011ferlerinin g\u00f6z\u00fcnde ya\u015fad\u0131\u011f\u0131 sorunlarla ba\u015f edememektedir.<br \/>Kendisi, olabilece\u011fi kadar iyi ya\u015fayamad\u0131\u011f\u0131 hissinde olup yeni bir aray\u0131\u015f i\u00e7indedir.<br \/>Duygusal \u00e7alkant\u0131ya sebep olan krizler, dertler, kayg\u0131 ve \u015f\u00fcpheler, zorluklar, hayal k\u0131r\u0131kl\u0131klar\u0131 psikolojik dan\u0131\u015fma ihtiyac\u0131 do\u011furmaktad\u0131r. Dan\u0131\u015fanlar ya\u015famlar\u0131ndaki sorunlar\u0131 iyi idare edemedikleri i\u00e7in psikolojik dan\u0131\u015fmanlara ba\u015fvurma ihtiyac\u0131 duyarlar. Burada sorunlarla etkili ve aktif m\u00fccadele y\u00f6ntemlerinin bilinmemesi yan\u0131nda bireyin sorunun \u00fcstesinden gelebilece\u011fine dair inanc\u0131 da kaybolmu\u015ftur. Denenen \u00e7\u00f6z\u00fcmler i\u015fe yaramad\u0131\u011f\u0131nda \u00fcmitsizlik ve hayal k\u0131r\u0131kl\u0131\u011f\u0131 daha da b\u00fcy\u00fcm\u00fc\u015ft\u00fcr.<\/p><p>Sebep ister yersiz \u015f\u00fcphe ve nedensiz korkular, ister psikiyatrik bir bozukluk, ister alkol ya da uyu\u015fturucu madde ba\u011f\u0131ml\u0131l\u0131\u011f\u0131, ister sorunlu bir evlilik, ister orta ya\u015f bunal\u0131m\u0131, ister ekonomik bir kriz, ister i\u015f hayat\u0131nda bir \u00e7alkant\u0131, ister fiziksel ya da duygusal bir travma, her ne olursa olsun ortada yard\u0131m aramaya ihtiya\u00e7 duyulan bir problem vard\u0131r. Sorunlar\u0131 ister kendimiz yarat\u0131p b\u00fcy\u00fctelim isterse y\u0131k\u0131c\u0131 travmatik bir durum ya\u015fayal\u0131m psikolojik dan\u0131\u015fma ile bu problemlerle etkin bir bi\u00e7imde ba\u015fa \u00e7\u0131kmak m\u00fcmk\u00fcnd\u00fcr.<\/p><p>Psikolojik dan\u0131\u015fmanl\u0131\u011f\u0131n amac\u0131 sorunlar\u0131 do\u011frudan \u00e7\u00f6zmek de\u011fildir. Dan\u0131\u015fana krizi ya da sorunu etkin bi\u00e7imde y\u00f6netmesine ya da kendisinin g\u00f6rmedi\u011fi yeni \u00e7\u00f6z\u00fcm yollar\u0131ndan yararlanmas\u0131na yard\u0131m edilir. Her sorun asl\u0131nda yeni \u00f6\u011frenme f\u0131rsatlar\u0131 yaratmaktad\u0131r. \u00d6nemli olan \u00f6\u011frenilenleri yeni durumlara da uygulayabilmektedir.<\/p><p>Pek \u00e7ok dan\u0131\u015fan evlilik ve i\u015f hayat\u0131nda kendini kapana k\u0131s\u0131lm\u0131\u015f gibi hissetmekte, herhangi bir hedef ve motivasyonlar\u0131 kalmamakta, kendi de\u011ferlerine yabanc\u0131la\u015fmakta, ideallerine g\u00f6re ya\u015fayaman\u0131n huzursuzlu\u011funu duymakta, su\u00e7luluk ve hayal k\u0131r\u0131kl\u0131\u011f\u0131na kap\u0131lmaktad\u0131r. Bu dan\u0131\u015fanlar\u0131m\u0131z\u0131n psikolojik dan\u0131\u015fma i\u00e7in ba\u015fvurmalar\u0131n\u0131n sebebi sorunlar\u0131yla ba\u015fa \u00e7\u0131kmak de\u011fil, hayat\u0131n\u0131 anlamland\u0131rmak, daha doyurucu bir hayat ya\u015famakt\u0131r. Burada psikolojik dan\u0131\u015fmana d\u00fc\u015fen g\u00f6rev neyin daha iyi olabilece\u011fi, nas\u0131l daha iyi olabilece\u011fini g\u00f6stermektir.<\/p><p>Bunlar \u0131\u015f\u0131\u011f\u0131nda psikolojik dan\u0131\u015fmanl\u0131\u011f\u0131n iki amac\u0131 oldu\u011funu s\u00f6yleyebiliriz.<\/p><p>Dan\u0131\u015fanlara sorunlar\u0131n\u0131 y\u00f6netebilme becerisi kazand\u0131rmak, kullan\u0131lmayan potansiyellerini ortaya \u00e7\u0131karmalar\u0131na yard\u0131m etmek.<br \/>Dan\u0131\u015fanlar\u0131n hayat prati\u011fine kendi kendilerine daha iyi yard\u0131m edebilmelerini sa\u011flamak.<br \/>Psikolojik dan\u0131\u015fman, bu do\u011frultuda dan\u0131\u015fan\u0131n ya\u015fam\u0131nda kal\u0131c\u0131 bir fark yaratmaya y\u00f6nelik yap\u0131c\u0131 bir de\u011fi\u015fimle ilgilenir. \u00d6rne\u011fin, nedensiz korkular kaybolacak, endi\u015fe yerini huzura b\u0131rakacak, bir kanser hastas\u0131 ya\u015fama d\u00f6rt elle sar\u0131lacak, tekd\u00fcze bir evlilik renklenecek, her t\u00fcrl\u00fc \u015fiddet ve duygusal travmaya ra\u011fmen e\u015finden ayr\u0131lma cesaretini bulamayan bir kad\u0131n bu cesareti bulacak, etkin ders \u00e7al\u0131\u015fma y\u00f6ntemlerini bilemedi\u011fi i\u00e7in \u00fcniversite s\u0131navlar\u0131na haz\u0131rlan\u0131rken korku ve motivasyon eksikli\u011fi \u00e7eken gen\u00e7 \u00e7al\u0131\u015fma azmini ve \u00f6zg\u00fcvenini yakalayacak, ya\u015famsal \u00f6neme sahip kalp ameliyat\u0131n\u0131 korkular\u0131 y\u00fcz\u00fcnden erteleyen bir yeti\u015fkin ameliyata so\u011fukkanl\u0131l\u0131kla karar verecek, sevgilisinin kendisini terk etmesinden sonra hayata k\u00fcsen bir gen\u00e7 k\u0131z daha nice sevgililer bulabilece\u011fini anlayacak, engellenince \u00f6fke krizine tutulup kendini yerden yere atan \u00e7ocuk daha anlay\u0131\u015fl\u0131 olacakt\u0131r.<\/p><p>Buna benzer t\u00fcm sorunlar i\u00e7in psikolojik dan\u0131\u015fmanl\u0131k hizmeti al\u0131nabilir. Psikolojik dan\u0131\u015fmanlar sorun y\u00f6ntemi f\u0131rsatlar\u0131 tan\u0131ma ve geli\u015ftirme, mant\u0131kl\u0131 karar verme becerisini artt\u0131rma, bireyler aras\u0131 ileti\u015fim becerilerini artt\u0131rma yoluyla psikolojik sorunlarda yan\u0131n\u0131zdad\u0131r.<\/p>\t\t\t\t\t\t<\/div>\n\t\t\t\t<\/div>\n\t\t\t\t\t<\/div>\n\t\t<\/div>\n\t\t\t\t\t\t\t<\/div>\n\t\t<\/section>\n\t\t\t\t\t\t<\/div>\n\t\t\t\t\t<\/div>\n\t\t","protected":false},"excerpt":{"rendered":"<p>PS\u0130KOLOJ\u0130K DANI\u015eMANLIK Psikoloji d\u00fcnyas\u0131nda yard\u0131m arayan ya da yard\u0131ma gereksinimi olan ki\u015filere dan\u0131\u015fan denir. Dan\u0131\u015fanlar, Kendi g\u00f6z\u00fcnde ya da di\u011ferlerinin g\u00f6z\u00fcnde ya\u015fad\u0131\u011f\u0131 sorunlarla ba\u015f edememektedir.Kendisi, olabilece\u011fi kadar iyi ya\u015fayamad\u0131\u011f\u0131 hissinde olup yeni bir aray\u0131\u015f i\u00e7indedir.Duygusal \u00e7alkant\u0131ya sebep olan krizler, dertler, kayg\u0131 ve \u015f\u00fcpheler, zorluklar, hayal k\u0131r\u0131kl\u0131klar\u0131 psikolojik dan\u0131\u015fma ihtiyac\u0131 do\u011furmaktad\u0131r. Dan\u0131\u015fanlar ya\u015famlar\u0131ndaki sorunlar\u0131 iyi idare &hellip;<\/p>\n<p class=\"read-more\"> <a class=\"\" href=\"https:\/\/sifahatunyasamakademisi.com\/index.php\/psikolojik-danismanlik\/\"> <span class=\"screen-reader-text\">PS\u0130KOLOJ\u0130K DANI\u015eMANLIK<\/span> Devam\u0131 &raquo;<\/a><\/p>\n","protected":false},"author":1,"featured_media":0,"parent":0,"menu_order":0,"comment_status":"closed","ping_status":"closed","template":"","meta":{"site-sidebar-layout":"no-sidebar","site-content-layout":"page-builder","ast-main-header-display":"","ast-hfb-above-header-display":"","ast-hfb-below-header-display":"","ast-hfb-mobile-header-display":"","site-post-title":"disabled","ast-breadcrumbs-content":"disabled","ast-featured-img":"disabled","footer-sml-layout":"","theme-transparent-header-meta":"enabled","adv-header-id-meta":"","stick-header-meta":"","header-above-stick-meta":"","header-main-stick-meta":"","header-below-stick-meta":"","footnotes":""},"class_list":["post-397","page","type-page","status-publish","hentry"],"_links":{"self":[{"href":"https:\/\/sifahatunyasamakademisi.com\/index.php\/wp-json\/wp\/v2\/pages\/397","targetHints":{"allow":["GET"]}}],"collection":[{"href":"https:\/\/sifahatunyasamakademisi.com\/index.php\/wp-json\/wp\/v2\/pages"}],"about":[{"href":"https:\/\/sifahatunyasamakademisi.com\/index.php\/wp-json\/wp\/v2\/types\/page"}],"author":[{"embeddable":true,"href":"https:\/\/sifahatunyasamakademisi.com\/index.php\/wp-json\/wp\/v2\/users\/1"}],"replies":[{"embeddable":true,"href":"https:\/\/sifahatunyasamakademisi.com\/index.php\/wp-json\/wp\/v2\/comments?post=397"}],"version-history":[{"count":4,"href":"https:\/\/sifahatunyasamakademisi.com\/index.php\/wp-json\/wp\/v2\/pages\/397\/revisions"}],"predecessor-version":[{"id":406,"href":"https:\/\/sifahatunyasamakademisi.com\/index.php\/wp-json\/wp\/v2\/pages\/397\/revisions\/406"}],"wp:attachment":[{"href":"https:\/\/sifahatunyasamakademisi.com\/index.php\/wp-json\/wp\/v2\/media?parent=397"}],"curies":[{"name":"wp","href":"https:\/\/api.w.org\/{rel}","templated":true}]}}