{"id":392,"date":"2022-03-19T04:42:50","date_gmt":"2022-03-19T01:42:50","guid":{"rendered":"https:\/\/sifahatunyasamakademisi.com\/?page_id=392"},"modified":"2022-03-19T04:44:05","modified_gmt":"2022-03-19T01:44:05","slug":"kariyer-terapisi","status":"publish","type":"page","link":"https:\/\/sifahatunyasamakademisi.com\/index.php\/kariyer-terapisi\/","title":{"rendered":"KAR\u0130YER TERAP\u0130S\u0130"},"content":{"rendered":"\t\t<div data-elementor-type=\"wp-page\" data-elementor-id=\"392\" class=\"elementor elementor-392\" data-elementor-settings=\"[]\">\n\t\t\t\t\t\t\t<div class=\"elementor-section-wrap\">\n\t\t\t\t\t\t\t<section class=\"elementor-section elementor-top-section elementor-element elementor-element-087085f elementor-section-boxed elementor-section-height-default elementor-section-height-default\" data-id=\"087085f\" data-element_type=\"section\" data-settings=\"{&quot;background_background&quot;:&quot;classic&quot;}\">\n\t\t\t\t\t\t\t<div class=\"elementor-background-overlay\"><\/div>\n\t\t\t\t\t\t\t<div class=\"elementor-container elementor-column-gap-no\">\n\t\t\t\t\t<div class=\"elementor-column elementor-col-100 elementor-top-column elementor-element elementor-element-f500b0e\" data-id=\"f500b0e\" data-element_type=\"column\">\n\t\t\t<div class=\"elementor-widget-wrap elementor-element-populated\">\n\t\t\t\t\t\t\t\t<div class=\"elementor-element elementor-element-8b286d3 elementor-widget elementor-widget-heading\" data-id=\"8b286d3\" data-element_type=\"widget\" data-widget_type=\"heading.default\">\n\t\t\t\t<div class=\"elementor-widget-container\">\n\t\t\t<style>\/*! elementor - v3.5.6 - 28-02-2022 *\/\n.elementor-heading-title{padding:0;margin:0;line-height:1}.elementor-widget-heading .elementor-heading-title[class*=elementor-size-]>a{color:inherit;font-size:inherit;line-height:inherit}.elementor-widget-heading .elementor-heading-title.elementor-size-small{font-size:15px}.elementor-widget-heading .elementor-heading-title.elementor-size-medium{font-size:19px}.elementor-widget-heading .elementor-heading-title.elementor-size-large{font-size:29px}.elementor-widget-heading .elementor-heading-title.elementor-size-xl{font-size:39px}.elementor-widget-heading .elementor-heading-title.elementor-size-xxl{font-size:59px}<\/style><h1 class=\"elementor-heading-title elementor-size-default\">KAR\u0130YER TERAP\u0130S\u0130<\/h1>\t\t<\/div>\n\t\t\t\t<\/div>\n\t\t\t\t\t<\/div>\n\t\t<\/div>\n\t\t\t\t\t\t\t<\/div>\n\t\t<\/section>\n\t\t\t\t<section class=\"elementor-section elementor-top-section elementor-element elementor-element-e890068 elementor-section-boxed elementor-section-height-default elementor-section-height-default\" data-id=\"e890068\" data-element_type=\"section\">\n\t\t\t\t\t\t<div class=\"elementor-container elementor-column-gap-default\">\n\t\t\t\t\t<div class=\"elementor-column elementor-col-100 elementor-top-column elementor-element elementor-element-03cb17a\" data-id=\"03cb17a\" data-element_type=\"column\">\n\t\t\t<div class=\"elementor-widget-wrap elementor-element-populated\">\n\t\t\t\t\t\t\t\t<div class=\"elementor-element elementor-element-9d189b9 elementor-widget elementor-widget-text-editor\" data-id=\"9d189b9\" data-element_type=\"widget\" data-widget_type=\"text-editor.default\">\n\t\t\t\t<div class=\"elementor-widget-container\">\n\t\t\t<style>\/*! elementor - v3.5.6 - 28-02-2022 *\/\n.elementor-widget-text-editor.elementor-drop-cap-view-stacked .elementor-drop-cap{background-color:#818a91;color:#fff}.elementor-widget-text-editor.elementor-drop-cap-view-framed .elementor-drop-cap{color:#818a91;border:3px solid;background-color:transparent}.elementor-widget-text-editor:not(.elementor-drop-cap-view-default) .elementor-drop-cap{margin-top:8px}.elementor-widget-text-editor:not(.elementor-drop-cap-view-default) .elementor-drop-cap-letter{width:1em;height:1em}.elementor-widget-text-editor .elementor-drop-cap{float:left;text-align:center;line-height:1;font-size:50px}.elementor-widget-text-editor .elementor-drop-cap-letter{display:inline-block}<\/style>\t\t\t\t<p>Her \u015feyin h\u0131zla geli\u015fti\u011fi ve de\u011fi\u015fti\u011fi bu \u00e7a\u011fda \u00e7o\u011fu gen\u00e7 kendine hedef belirlemekte zorluk ya\u015famaktad\u0131r. Bu h\u0131zl\u0131 de\u011fi\u015fim \u00f6zellikle son y\u0131llarda farkl\u0131 ve ad\u0131n\u0131 daha \u00f6nce hi\u00e7 duymad\u0131\u011f\u0131m\u0131z meslek alanlar\u0131n\u0131n olu\u015fumuna zemin haz\u0131rlam\u0131\u015ft\u0131r. Ortaya \u00e7\u0131kan bu \u00e7e\u015fitlilik gen\u00e7lerin kafas\u0131n\u0131n daha da kar\u0131\u015fmas\u0131na sebep olabilmektedir. Kendini ve yeteneklerini hen\u00fcz ke\u015ffetmedi\u011fi bir d\u00f6nemde gelece\u011fi ile ilgili ileride kendisini mutlu edecek karar\u0131 vermesini beklemek gen\u00e7ler i\u00e7in zor ve stres yarat\u0131c\u0131 bir s\u00fcre\u00e7tir. Ayr\u0131ca gen\u00e7lerin okullar\u0131, okullar\u0131n b\u00f6l\u00fcmlerini, meslek alanlar\u0131n\u0131 ve hangi mesleklerin kendi beceriyle \u00f6rt\u00fc\u015ft\u00fc\u011f\u00fcn\u00fc \u00f6\u011frenmeden do\u011fru bir se\u00e7im yapmalar\u0131 zordur. Bu nedenle bu s\u00fcre\u00e7 i\u00e7in bir uzmandan dan\u0131\u015fmanl\u0131k alman\u0131n gen\u00e7ler i\u00e7in faydal\u0131 olaca\u011f\u0131 d\u00fc\u015f\u00fcn\u00fclmektedir.<\/p><p>Kariyer dan\u0131\u015fmanl\u0131\u011f\u0131 gen\u00e7lerin kendi ilgi, beceri ve ki\u015filik yap\u0131lar\u0131n\u0131 anlamaya, ke\u015ffetmeye ve ortaya \u00e7\u0131kan sonu\u00e7lara g\u00f6re en uygun alan\u0131 se\u00e7melerine yard\u0131mc\u0131 olmay\u0131 hedefleyen bir dan\u0131\u015fmanl\u0131k hizmetidir. Rekabetin \u00f6n planda oldu\u011fu bu \u00e7a\u011fda ki\u015fiye en uygun olan alan\u0131 bulmak ileriki y\u0131llarda ba\u015far\u0131y\u0131 ve tatmini getirecek en \u00f6nemli fakt\u00f6rlerin ba\u015f\u0131nda gelmektedir.<\/p>\t\t\t\t\t\t<\/div>\n\t\t\t\t<\/div>\n\t\t\t\t\t<\/div>\n\t\t<\/div>\n\t\t\t\t\t\t\t<\/div>\n\t\t<\/section>\n\t\t\t\t\t\t<\/div>\n\t\t\t\t\t<\/div>\n\t\t","protected":false},"excerpt":{"rendered":"<p>KAR\u0130YER TERAP\u0130S\u0130 Her \u015feyin h\u0131zla geli\u015fti\u011fi ve de\u011fi\u015fti\u011fi bu \u00e7a\u011fda \u00e7o\u011fu gen\u00e7 kendine hedef belirlemekte zorluk ya\u015famaktad\u0131r. Bu h\u0131zl\u0131 de\u011fi\u015fim \u00f6zellikle son y\u0131llarda farkl\u0131 ve ad\u0131n\u0131 daha \u00f6nce hi\u00e7 duymad\u0131\u011f\u0131m\u0131z meslek alanlar\u0131n\u0131n olu\u015fumuna zemin haz\u0131rlam\u0131\u015ft\u0131r. Ortaya \u00e7\u0131kan bu \u00e7e\u015fitlilik gen\u00e7lerin kafas\u0131n\u0131n daha da kar\u0131\u015fmas\u0131na sebep olabilmektedir. Kendini ve yeteneklerini hen\u00fcz ke\u015ffetmedi\u011fi bir d\u00f6nemde gelece\u011fi ile &hellip;<\/p>\n<p class=\"read-more\"> <a class=\"\" href=\"https:\/\/sifahatunyasamakademisi.com\/index.php\/kariyer-terapisi\/\"> <span class=\"screen-reader-text\">KAR\u0130YER TERAP\u0130S\u0130<\/span> Devam\u0131 &raquo;<\/a><\/p>\n","protected":false},"author":1,"featured_media":0,"parent":0,"menu_order":0,"comment_status":"closed","ping_status":"closed","template":"","meta":{"site-sidebar-layout":"no-sidebar","site-content-layout":"page-builder","ast-main-header-display":"","ast-hfb-above-header-display":"","ast-hfb-below-header-display":"","ast-hfb-mobile-header-display":"","site-post-title":"disabled","ast-breadcrumbs-content":"disabled","ast-featured-img":"disabled","footer-sml-layout":"","theme-transparent-header-meta":"enabled","adv-header-id-meta":"","stick-header-meta":"","header-above-stick-meta":"","header-main-stick-meta":"","header-below-stick-meta":"","footnotes":""},"class_list":["post-392","page","type-page","status-publish","hentry"],"_links":{"self":[{"href":"https:\/\/sifahatunyasamakademisi.com\/index.php\/wp-json\/wp\/v2\/pages\/392","targetHints":{"allow":["GET"]}}],"collection":[{"href":"https:\/\/sifahatunyasamakademisi.com\/index.php\/wp-json\/wp\/v2\/pages"}],"about":[{"href":"https:\/\/sifahatunyasamakademisi.com\/index.php\/wp-json\/wp\/v2\/types\/page"}],"author":[{"embeddable":true,"href":"https:\/\/sifahatunyasamakademisi.com\/index.php\/wp-json\/wp\/v2\/users\/1"}],"replies":[{"embeddable":true,"href":"https:\/\/sifahatunyasamakademisi.com\/index.php\/wp-json\/wp\/v2\/comments?post=392"}],"version-history":[{"count":4,"href":"https:\/\/sifahatunyasamakademisi.com\/index.php\/wp-json\/wp\/v2\/pages\/392\/revisions"}],"predecessor-version":[{"id":401,"href":"https:\/\/sifahatunyasamakademisi.com\/index.php\/wp-json\/wp\/v2\/pages\/392\/revisions\/401"}],"wp:attachment":[{"href":"https:\/\/sifahatunyasamakademisi.com\/index.php\/wp-json\/wp\/v2\/media?parent=392"}],"curies":[{"name":"wp","href":"https:\/\/api.w.org\/{rel}","templated":true}]}}