{"id":382,"date":"2022-03-19T04:40:42","date_gmt":"2022-03-19T01:40:42","guid":{"rendered":"https:\/\/sifahatunyasamakademisi.com\/?page_id=382"},"modified":"2022-03-19T04:42:42","modified_gmt":"2022-03-19T01:42:42","slug":"tirnak-yeme-tedavisi","status":"publish","type":"page","link":"https:\/\/sifahatunyasamakademisi.com\/index.php\/tirnak-yeme-tedavisi\/","title":{"rendered":"TIRNAK YEME TEDAV\u0130S\u0130"},"content":{"rendered":"\t\t<div data-elementor-type=\"wp-page\" data-elementor-id=\"382\" class=\"elementor elementor-382\" data-elementor-settings=\"[]\">\n\t\t\t\t\t\t\t<div class=\"elementor-section-wrap\">\n\t\t\t\t\t\t\t<section class=\"elementor-section elementor-top-section elementor-element elementor-element-087085f elementor-section-boxed elementor-section-height-default elementor-section-height-default\" data-id=\"087085f\" data-element_type=\"section\" data-settings=\"{&quot;background_background&quot;:&quot;classic&quot;}\">\n\t\t\t\t\t\t\t<div class=\"elementor-background-overlay\"><\/div>\n\t\t\t\t\t\t\t<div class=\"elementor-container elementor-column-gap-no\">\n\t\t\t\t\t<div class=\"elementor-column elementor-col-100 elementor-top-column elementor-element elementor-element-f500b0e\" data-id=\"f500b0e\" data-element_type=\"column\">\n\t\t\t<div class=\"elementor-widget-wrap elementor-element-populated\">\n\t\t\t\t\t\t\t\t<div class=\"elementor-element elementor-element-8b286d3 elementor-widget elementor-widget-heading\" data-id=\"8b286d3\" data-element_type=\"widget\" data-widget_type=\"heading.default\">\n\t\t\t\t<div class=\"elementor-widget-container\">\n\t\t\t<style>\/*! elementor - v3.5.6 - 28-02-2022 *\/\n.elementor-heading-title{padding:0;margin:0;line-height:1}.elementor-widget-heading .elementor-heading-title[class*=elementor-size-]>a{color:inherit;font-size:inherit;line-height:inherit}.elementor-widget-heading .elementor-heading-title.elementor-size-small{font-size:15px}.elementor-widget-heading .elementor-heading-title.elementor-size-medium{font-size:19px}.elementor-widget-heading .elementor-heading-title.elementor-size-large{font-size:29px}.elementor-widget-heading .elementor-heading-title.elementor-size-xl{font-size:39px}.elementor-widget-heading .elementor-heading-title.elementor-size-xxl{font-size:59px}<\/style><h1 class=\"elementor-heading-title elementor-size-default\">TIRNAK YEME TEDAV\u0130S\u0130<\/h1>\t\t<\/div>\n\t\t\t\t<\/div>\n\t\t\t\t\t<\/div>\n\t\t<\/div>\n\t\t\t\t\t\t\t<\/div>\n\t\t<\/section>\n\t\t\t\t<section class=\"elementor-section elementor-top-section elementor-element elementor-element-e890068 elementor-section-boxed elementor-section-height-default elementor-section-height-default\" data-id=\"e890068\" data-element_type=\"section\">\n\t\t\t\t\t\t<div class=\"elementor-container elementor-column-gap-default\">\n\t\t\t\t\t<div class=\"elementor-column elementor-col-100 elementor-top-column elementor-element elementor-element-03cb17a\" data-id=\"03cb17a\" data-element_type=\"column\">\n\t\t\t<div class=\"elementor-widget-wrap elementor-element-populated\">\n\t\t\t\t\t\t\t\t<div class=\"elementor-element elementor-element-9d189b9 elementor-widget elementor-widget-text-editor\" data-id=\"9d189b9\" data-element_type=\"widget\" data-widget_type=\"text-editor.default\">\n\t\t\t\t<div class=\"elementor-widget-container\">\n\t\t\t<style>\/*! elementor - v3.5.6 - 28-02-2022 *\/\n.elementor-widget-text-editor.elementor-drop-cap-view-stacked .elementor-drop-cap{background-color:#818a91;color:#fff}.elementor-widget-text-editor.elementor-drop-cap-view-framed .elementor-drop-cap{color:#818a91;border:3px solid;background-color:transparent}.elementor-widget-text-editor:not(.elementor-drop-cap-view-default) .elementor-drop-cap{margin-top:8px}.elementor-widget-text-editor:not(.elementor-drop-cap-view-default) .elementor-drop-cap-letter{width:1em;height:1em}.elementor-widget-text-editor .elementor-drop-cap{float:left;text-align:center;line-height:1;font-size:50px}.elementor-widget-text-editor .elementor-drop-cap-letter{display:inline-block}<\/style>\t\t\t\t<p>T\u0131rnak yeme al\u0131\u015fkanl\u0131\u011f\u0131na \u00e7o\u011funlukla 3-4 ya\u015flar\u0131ndan \u00f6nce ba\u015flamaz. (\u00c7ok ender olarak 5 ayl\u0131k gibi erken bir d\u00f6nemde g\u00f6r\u00fclebilir). \u00c7ocuklar\u0131n %33 de t\u0131rnak yeme davran\u0131\u015f\u0131 g\u00f6r\u00fcl\u00fcr. Bu oran erken ergenlik \u00e7a\u011f\u0131na kadar s\u00fcrer. Ergenlik \u00e7a\u011f\u0131nda t\u0131rnak yiyen \u00e7ocuklar\u0131n say\u0131s\u0131 %40-45\u2019e y\u00fckselir. Yani ergenlik \u00e7a\u011f\u0131na do\u011fru \u00e7ocuklar\u0131n hemen hemen yar\u0131s\u0131 t\u0131rnak yeme davran\u0131\u015f\u0131 g\u00f6sterir. Bunun nedeni gen\u00e7lerin \u00e7evreden onay g\u00f6rmemeleri olarak de\u011ferlendirilir. Ayr\u0131ca t\u0131rnak yiyen \u00e7ocuklar\u0131n ailelerinin \u00e7o\u011funda t\u0131rnak yiyenlere rastlanmaktad\u0131r. Bunun i\u00e7inde t\u0131rnak yemenin bir taklit oldu\u011fu ve b\u00fcy\u00fckleri taklit etmek suretiyle \u00f6\u011frenildi\u011fi ileri s\u00fcr\u00fclmektedir. Ergenlik \u00e7a\u011f\u0131nda sosyal onay g\u00f6renlerin \u00e7o\u011fu bu davran\u0131\u015f\u0131 terketmektedir.<\/p><p>T\u0131rnak yemek bazen ayak parmaklar\u0131n\u0131 \u0131s\u0131rmakla ve ayak t\u0131rnaklar\u0131n\u0131 el parmaklar\u0131yla yakalama ile ili\u015fkili g\u00f6r\u00fclmektedir. Ayak parma\u011f\u0131 t\u0131rna\u011f\u0131n\u0131n yenilmesi ve \u0131s\u0131r\u0131lmas\u0131 hemen hemen sadece k\u0131zlarda g\u00f6r\u00fclmektedir.<\/p><p>Ruhsal gerilim, s\u0131k\u0131nt\u0131 veya sald\u0131rganl\u0131k duygular\u0131n\u0131n a\u00e7\u0131\u011fa vurulmad\u0131\u011f\u0131 durumlarda, \u00e7ocu\u011fun kendi kendine y\u00f6nelik sald\u0131rganl\u0131k d\u00fcrt\u00fcs\u00fcn\u00fcn bir belirtisi kabul edilir. Huzursuz \u00e7ocuklarda s\u0131kl\u0131kla rastlan\u0131r. T\u0131rnak yeme, daha \u00e7ok sinirli \u00e7ocuklarda ve di\u015flerin \u00e7\u0131kmaya ba\u015flad\u0131\u011f\u0131 d\u00f6nemlerde g\u00f6r\u00fclmektedir. 7-8 ve daha ileri ya\u015flarda da g\u00f6r\u00fclebilen t\u0131rnak yeme, \u00f6zellikle \u00e7ocuklar\u0131n ellerinde herhangi bir i\u015f ya da oyunla u\u011fra\u015fmad\u0131\u011f\u0131 zamanlara g\u00f6r\u00fclmektedir. Bu hal \u00e7ocuklarda genelde uyku bozukluklar\u0131 ve hareket huzursuzlu\u011fu ile beraber bulunur. \u00c7ocuk bu yoldan i\u00e7 huzursuzlu\u011funu bast\u0131rmaya \u00e7al\u0131\u015f\u0131r. A\u015f\u0131r\u0131 bast\u0131r\u0131c\u0131 bir ana-baba veya sert bir \u00f6\u011fretmenin etkisinde kalan \u00e7ocuklarda daha s\u0131k rastlan\u0131r. Sakl\u0131 kalm\u0131\u015f bir sald\u0131rganl\u0131\u011f\u0131 yans\u0131tt\u0131\u011f\u0131 kabul edilir. Daha \u00e7ok, kendini su\u00e7layan ve \u00f6fkesi i\u00e7ine d\u00f6n\u00fck ki\u015filik yap\u0131lar\u0131nda g\u00f6r\u00fcld\u00fc\u011f\u00fc s\u00f6ylenir.<\/p><p>T\u0131rnak Yeme Davran\u0131\u015f\u0131n\u0131n Nedenleri<br \/>Bu davran\u0131\u015f\u0131n alt\u0131nda yatan sebepler parmak emmede oldu\u011fu gibi \u00e7o\u011funlukla psikolojik sorunlard\u0131r.<\/p><p>Al\u0131\u015fkanl\u0131k daha \u00e7ok bask\u0131 alt\u0131na al\u0131nm\u0131\u015f heyecanlar\u0131n ilgilendi\u011fi durumlarla olup, \u00e7ocuk bunun arzu edilmeyen bir davran\u0131\u015f ve al\u0131\u015fkanl\u0131k oldu\u011funu anlay\u0131nca k\u00f6kle\u015fmekte oldu\u011fu g\u00f6r\u00fclmektedir.<\/p><p>T\u0131rnak yeme bir g\u00fcvensizlik belirtisi olarak kabul edilir. Aile i\u00e7inde a\u015f\u0131r\u0131 bask\u0131l\u0131 ve otoriter bir e\u011fitimin uygulanmas\u0131, \u00e7ocu\u011fun s\u00fcrekli azarlanarak ele\u015ftirilmesi, k\u0131skan\u00e7l\u0131k, yeterli ilgi ve sevgi g\u00f6rememe s\u0131k\u0131nt\u0131 ve gerginlik ba\u015fl\u0131ca nedenlerdir.<\/p><p>Anne baban\u0131n ya\u015fant\u0131s\u0131 da \u00f6nemli bir etkendir. Anne baba aras\u0131ndaki ileti\u015fim sorunlar\u0131, anne baban\u0131n a\u015f\u0131r\u0131 kayg\u0131l\u0131 olmas\u0131 ve \u00e7ocu\u011fu a\u015f\u0131r\u0131 derecede koruyup kollamas\u0131, anne baban\u0131n \u00e7ocuklar aras\u0131nda ayr\u0131m yapmas\u0131 \u00e7ocuklar\u0131n birbirleriyle olan ili\u015fkilerinde ve \u00e7ocuklarda duygusal sorunlara neden olabilmektedir<\/p><p>T\u0131rnak yeme taklit yoluyla da ba\u015flayan bir davran\u0131\u015ft\u0131r. Ailede ya da yak\u0131n \u00e7evrede erhangi bir bireyin t\u0131rnak yeme davran\u0131\u015f\u0131 g\u00f6stermesi do\u011fal olarak \u00e7ocu\u011fun ilgisini \u00e7ekecektir. Ayr\u0131ca t\u0131rnak yeme davran\u0131\u015f\u0131 olaylara ba\u011fl\u0131 olarak geli\u015febilmektedir. \u00c7ocu\u011fu tedirgin eden herhangi bir olay veya \u00e7evrede onun i\u00e7in ho\u015fnutsuzluk yaratacak herhangi bir durum bu davran\u0131\u015f\u0131 g\u00f6stermesine yol a\u00e7ar.<\/p><p>Aile i\u00e7inde \u00e7ocu\u011fa kar\u015f\u0131 a\u015f\u0131r\u0131 bask\u0131c\u0131 ve otoriter bir tutum sergilenmesi, \u00e7ocu\u011fun s\u00fcrekli olarak azarlanmas\u0131, ele\u015ftirilmesi, yetersiz ilgi ve sevgi, s\u0131k\u0131nt\u0131lar ve gerginlikler t\u0131rnak yeme davran\u0131\u015f\u0131na neden olan ba\u015fl\u0131ca etkenler aras\u0131nda say\u0131labilir<\/p><p>T\u0131rnak yeme davran\u0131\u015f\u0131, parmak emmede oldu\u011fu gibi, duygusal sorunlardan kaynaklanmaktad\u0131r ve s\u00f6z konusu gerilimleri azaltmaya y\u00f6neliktir.<\/p><p>Ailelere \u00d6neriler<\/p><p>3-4 ya\u015flar\u0131na kadar bu davran\u0131\u015f\u0131n anne baba taraf\u0131ndan g\u00f6rmezlikten gelinmesi gerekmektedir. Daha sonra bu davran\u0131\u015f devam ederse;<br \/>\u00c7ocu\u011fun gerginlik ve ho\u015fnutsuzluk nedenleri iyice ara\u015ft\u0131r\u0131lmal\u0131d\u0131r.<br \/>\u00c7ocu\u011fu azarlamak, korkutmak, ceza vermek gibi zorlay\u0131c\u0131 y\u00f6ntemlerin uygulanmas\u0131 olduk\u00e7a yaralay\u0131c\u0131 olmaktad\u0131r. Hatta \u00e7ok daha a\u011f\u0131r duygusal problemlerin \u00e7\u0131kmas\u0131na neden olabilir.<br \/>\u00c7ocuklar\u0131 korku ve kayg\u0131 yaratacak durumlardan uzak tutmak gerekir.<br \/>\u00c7ocuklar\u0131n ilgisi ba\u015fka y\u00f6ne \u00e7ekilebilir. Bir \u015fey izlerken ya da dinlerken onun \u00e7i\u011fneyecek bir \u015feyle me\u015fgul etmek, t\u0131rnak yemenin yerine gelecek bir etkinlik olabilir.<br \/>\u00c7ocuk bu davran\u0131\u015ftan vazge\u00e7mesi i\u00e7in zorlanmamal\u0131d\u0131r. Zorlama, davran\u0131\u015f\u0131 \u015fiddetlendirebilir.<\/p>\t\t\t\t\t\t<\/div>\n\t\t\t\t<\/div>\n\t\t\t\t\t<\/div>\n\t\t<\/div>\n\t\t\t\t\t\t\t<\/div>\n\t\t<\/section>\n\t\t\t\t\t\t<\/div>\n\t\t\t\t\t<\/div>\n\t\t","protected":false},"excerpt":{"rendered":"<p>TIRNAK YEME TEDAV\u0130S\u0130 T\u0131rnak yeme al\u0131\u015fkanl\u0131\u011f\u0131na \u00e7o\u011funlukla 3-4 ya\u015flar\u0131ndan \u00f6nce ba\u015flamaz. (\u00c7ok ender olarak 5 ayl\u0131k gibi erken bir d\u00f6nemde g\u00f6r\u00fclebilir). \u00c7ocuklar\u0131n %33 de t\u0131rnak yeme davran\u0131\u015f\u0131 g\u00f6r\u00fcl\u00fcr. Bu oran erken ergenlik \u00e7a\u011f\u0131na kadar s\u00fcrer. Ergenlik \u00e7a\u011f\u0131nda t\u0131rnak yiyen \u00e7ocuklar\u0131n say\u0131s\u0131 %40-45\u2019e y\u00fckselir. Yani ergenlik \u00e7a\u011f\u0131na do\u011fru \u00e7ocuklar\u0131n hemen hemen yar\u0131s\u0131 t\u0131rnak yeme davran\u0131\u015f\u0131 g\u00f6sterir. &hellip;<\/p>\n<p class=\"read-more\"> <a class=\"\" href=\"https:\/\/sifahatunyasamakademisi.com\/index.php\/tirnak-yeme-tedavisi\/\"> <span class=\"screen-reader-text\">TIRNAK YEME TEDAV\u0130S\u0130<\/span> Devam\u0131 &raquo;<\/a><\/p>\n","protected":false},"author":1,"featured_media":0,"parent":0,"menu_order":0,"comment_status":"closed","ping_status":"closed","template":"","meta":{"site-sidebar-layout":"no-sidebar","site-content-layout":"page-builder","ast-main-header-display":"","ast-hfb-above-header-display":"","ast-hfb-below-header-display":"","ast-hfb-mobile-header-display":"","site-post-title":"disabled","ast-breadcrumbs-content":"disabled","ast-featured-img":"disabled","footer-sml-layout":"","theme-transparent-header-meta":"enabled","adv-header-id-meta":"","stick-header-meta":"","header-above-stick-meta":"","header-main-stick-meta":"","header-below-stick-meta":"","footnotes":""},"class_list":["post-382","page","type-page","status-publish","hentry"],"_links":{"self":[{"href":"https:\/\/sifahatunyasamakademisi.com\/index.php\/wp-json\/wp\/v2\/pages\/382","targetHints":{"allow":["GET"]}}],"collection":[{"href":"https:\/\/sifahatunyasamakademisi.com\/index.php\/wp-json\/wp\/v2\/pages"}],"about":[{"href":"https:\/\/sifahatunyasamakademisi.com\/index.php\/wp-json\/wp\/v2\/types\/page"}],"author":[{"embeddable":true,"href":"https:\/\/sifahatunyasamakademisi.com\/index.php\/wp-json\/wp\/v2\/users\/1"}],"replies":[{"embeddable":true,"href":"https:\/\/sifahatunyasamakademisi.com\/index.php\/wp-json\/wp\/v2\/comments?post=382"}],"version-history":[{"count":4,"href":"https:\/\/sifahatunyasamakademisi.com\/index.php\/wp-json\/wp\/v2\/pages\/382\/revisions"}],"predecessor-version":[{"id":391,"href":"https:\/\/sifahatunyasamakademisi.com\/index.php\/wp-json\/wp\/v2\/pages\/382\/revisions\/391"}],"wp:attachment":[{"href":"https:\/\/sifahatunyasamakademisi.com\/index.php\/wp-json\/wp\/v2\/media?parent=382"}],"curies":[{"name":"wp","href":"https:\/\/api.w.org\/{rel}","templated":true}]}}