{"id":381,"date":"2022-03-19T04:40:39","date_gmt":"2022-03-19T01:40:39","guid":{"rendered":"https:\/\/sifahatunyasamakademisi.com\/?page_id=381"},"modified":"2022-03-19T04:41:51","modified_gmt":"2022-03-19T01:41:51","slug":"davranis-bozukluklari-tedavisi","status":"publish","type":"page","link":"https:\/\/sifahatunyasamakademisi.com\/index.php\/davranis-bozukluklari-tedavisi\/","title":{"rendered":"DAVRANI\u015e BOZUKLUKLARI TEDAV\u0130S\u0130"},"content":{"rendered":"\t\t<div data-elementor-type=\"wp-page\" data-elementor-id=\"381\" class=\"elementor elementor-381\" data-elementor-settings=\"[]\">\n\t\t\t\t\t\t\t<div class=\"elementor-section-wrap\">\n\t\t\t\t\t\t\t<section class=\"elementor-section elementor-top-section elementor-element elementor-element-087085f elementor-section-boxed elementor-section-height-default elementor-section-height-default\" data-id=\"087085f\" data-element_type=\"section\" data-settings=\"{&quot;background_background&quot;:&quot;classic&quot;}\">\n\t\t\t\t\t\t\t<div class=\"elementor-background-overlay\"><\/div>\n\t\t\t\t\t\t\t<div class=\"elementor-container elementor-column-gap-no\">\n\t\t\t\t\t<div class=\"elementor-column elementor-col-100 elementor-top-column elementor-element elementor-element-f500b0e\" data-id=\"f500b0e\" data-element_type=\"column\">\n\t\t\t<div class=\"elementor-widget-wrap elementor-element-populated\">\n\t\t\t\t\t\t\t\t<div class=\"elementor-element elementor-element-8b286d3 elementor-widget elementor-widget-heading\" data-id=\"8b286d3\" data-element_type=\"widget\" data-widget_type=\"heading.default\">\n\t\t\t\t<div class=\"elementor-widget-container\">\n\t\t\t<style>\/*! elementor - v3.5.6 - 28-02-2022 *\/\n.elementor-heading-title{padding:0;margin:0;line-height:1}.elementor-widget-heading .elementor-heading-title[class*=elementor-size-]>a{color:inherit;font-size:inherit;line-height:inherit}.elementor-widget-heading .elementor-heading-title.elementor-size-small{font-size:15px}.elementor-widget-heading .elementor-heading-title.elementor-size-medium{font-size:19px}.elementor-widget-heading .elementor-heading-title.elementor-size-large{font-size:29px}.elementor-widget-heading .elementor-heading-title.elementor-size-xl{font-size:39px}.elementor-widget-heading .elementor-heading-title.elementor-size-xxl{font-size:59px}<\/style><h1 class=\"elementor-heading-title elementor-size-default\">DAVRANI\u015e BOZUKLUKLARI TEDAV\u0130S\u0130<\/h1>\t\t<\/div>\n\t\t\t\t<\/div>\n\t\t\t\t\t<\/div>\n\t\t<\/div>\n\t\t\t\t\t\t\t<\/div>\n\t\t<\/section>\n\t\t\t\t<section class=\"elementor-section elementor-top-section elementor-element elementor-element-e890068 elementor-section-boxed elementor-section-height-default elementor-section-height-default\" data-id=\"e890068\" data-element_type=\"section\">\n\t\t\t\t\t\t<div class=\"elementor-container elementor-column-gap-default\">\n\t\t\t\t\t<div class=\"elementor-column elementor-col-100 elementor-top-column elementor-element elementor-element-03cb17a\" data-id=\"03cb17a\" data-element_type=\"column\">\n\t\t\t<div class=\"elementor-widget-wrap elementor-element-populated\">\n\t\t\t\t\t\t\t\t<div class=\"elementor-element elementor-element-9d189b9 elementor-widget elementor-widget-text-editor\" data-id=\"9d189b9\" data-element_type=\"widget\" data-widget_type=\"text-editor.default\">\n\t\t\t\t<div class=\"elementor-widget-container\">\n\t\t\t<style>\/*! elementor - v3.5.6 - 28-02-2022 *\/\n.elementor-widget-text-editor.elementor-drop-cap-view-stacked .elementor-drop-cap{background-color:#818a91;color:#fff}.elementor-widget-text-editor.elementor-drop-cap-view-framed .elementor-drop-cap{color:#818a91;border:3px solid;background-color:transparent}.elementor-widget-text-editor:not(.elementor-drop-cap-view-default) .elementor-drop-cap{margin-top:8px}.elementor-widget-text-editor:not(.elementor-drop-cap-view-default) .elementor-drop-cap-letter{width:1em;height:1em}.elementor-widget-text-editor .elementor-drop-cap{float:left;text-align:center;line-height:1;font-size:50px}.elementor-widget-text-editor .elementor-drop-cap-letter{display:inline-block}<\/style>\t\t\t\t<p>Davran\u0131\u015f Bozuklu\u011fu Nedir?<br \/>Kurallar\u0131 tan\u0131yana kadar her \u00e7ocuk zaman zaman hatal\u0131 davran\u0131\u015flarda bulunabilir. Ya\u015f\u0131n\u0131n gere\u011fi aileye ba\u015fkald\u0131rabilir ve daha h\u0131r\u00e7\u0131n olabilir. Her ya\u015f grubunun farkl\u0131 davran\u0131\u015f \u00f6zellikleri vard\u0131r. \u00c7ocu\u011fun mizac\u0131, ya\u015fan\u0131lan \u00e7evre ve travmatik olaylar uyumlu bir \u00e7ocu\u011fun bile tutars\u0131z davranmas\u0131na neden olabilir. Ancak davran\u0131\u015f bozuklu\u011fu olarak adland\u0131rabilece\u011fimiz, s\u00fcrekli tekrar eden h\u0131r\u00e7\u0131n davran\u0131\u015flar\u0131 ay\u0131rt etmek \u00f6nemlidir. \u00c7\u00fcnk\u00fc \u00e7ocuklar\u0131n yeti\u015fkinlik \u00f6ncesinde edindi\u011fi davran\u0131\u015flar, yeti\u015fkinlikteki karakteri de b\u00fcy\u00fck \u00f6l\u00e7\u00fcde etkilemektedir.<\/p><p>Davran\u0131\u015f Bozuklu\u011fu Nas\u0131l Anla\u015f\u0131l\u0131r?<br \/>Peki \u00e7ocuklarda davran\u0131\u015f bozuklu\u011fu olup olmad\u0131\u011f\u0131 nas\u0131l anla\u015f\u0131l\u0131r?<\/p><p>\u00c7ocu\u011fun yapt\u0131\u011f\u0131 davran\u0131\u015f ya\u015f\u0131na uygun mu?<br \/>B\u00fcy\u00fcme ve geli\u015fme s\u00fcreci keyifli oldu\u011fu kadar sanc\u0131l\u0131 bir d\u00f6nemdir. \u00c7ocuk, \u00e7evresini ve kendisini ke\u015ffetmek ister. Bu s\u00fcre\u00e7te s\u0131n\u0131rlardan ise pek ho\u015flanmaz. Bu nedenle yeme\u011fi istedi\u011fi zaman yemek, oyununa devam etmek ya da istedi\u011fi oyunca\u011f\u0131 ald\u0131rmak konusunda \u0131srarc\u0131 olabilir. Bunlar 2 \u2013 5 ya\u015f \u00e7ocu\u011funun genel \u00f6zellikleridir. Ayr\u0131ca bu d\u00f6nemdeki \u00e7ocuklar, t\u00fcm dikkatin \u00fczerlerinde olmas\u0131n\u0131 isterler. Bu nedenle duygular\u0131n\u0131 abart\u0131l\u0131 ya\u015fayabilir, a\u015f\u0131r\u0131 tepki g\u00f6sterebilirler. Bu durumu g\u00f6z \u00f6n\u00fcnde bulundurarak \u00e7ocu\u011fun davran\u0131\u015f bozuklu\u011funu de\u011ferlendirmek yerinde olacakt\u0131r.<\/p><p>\u00c7ocuk Ne S\u0131kl\u0131kla Bu Davran\u0131\u015flar\u0131 G\u00f6steriyor?<br \/>Bo\u015fanma, ba\u015fka bir yere ta\u015f\u0131nma, okul de\u011fi\u015fikli\u011fi ve ergenli\u011fe ge\u00e7i\u015f gibi \u00f6nemli de\u011fi\u015fiklikler, \u00e7ocuklarda gerginli\u011fe neden olabilmektedir. Bu nedenle e\u011fer \u00e7ocu\u011funuz bu gibi etkenlerden sonra davran\u0131\u015flar\u0131n\u0131 de\u011fi\u015ftirdiyse bu durum normal kabul edilebilir. \u00d6ncelikle bu durumu \u00e7ocu\u011funuzla konu\u015fmak ve onda yaratt\u0131\u011f\u0131 etkileri g\u00f6zlemlemek gerekebilir.<\/p><p>\u00c7ocu\u011funuz Pi\u015fmanl\u0131k Duyuyor Mu?<br \/>Bu soru asl\u0131nda davran\u0131\u015f bozuklu\u011funu tespit etmede \u201cyo\u011funluk\u201d kriteridir de diyebiliriz. \u00d6rne\u011fin; dikkat \u00e7ekmek isteyen bir \u00e7ocu\u011fun huzursuz olmas\u0131 normaldir. Ancak dikkat \u00e7ekmek i\u00e7in ba\u015fkalar\u0131na vuruyorsa; \u015fiddete, yalana ve h\u0131rs\u0131zl\u0131\u011fa ba\u015fvuruyorsa bu davran\u0131\u015f bozuklu\u011funa i\u015faret edebilir. \u00d6zellikle bu durum s\u00fcrekli tekrarlan\u0131yorsa ve uyar\u0131lara ra\u011fmen \u00e7ocuk hi\u00e7bir pi\u015fmanl\u0131k hissetmeden yeniden ayn\u0131 davran\u0131\u015f\u0131 sergiliyorsa davran\u0131\u015f bozuklu\u011fundan s\u00f6z edebiliriz.<\/p><p>Davran\u0131\u015f Bozuklu\u011fu Neden Olur?<br \/>Davran\u0131\u015f bozuklu\u011fu Ankara bir\u00e7ok nedenle ortaya \u00e7\u0131kabilir. Her \u00e7ocu\u011fun ihtiya\u00e7lar\u0131 ve ya\u015fad\u0131\u011f\u0131 ortam farkl\u0131d\u0131r. \u00c7evresel ko\u015fullar, cinsel istismar, aile i\u00e7i \u015fiddet, yoksulluk, a\u015f\u0131r\u0131 otoriter aile yap\u0131s\u0131, sevgisizlik, \u00f6zg\u00fcvensizlik gibi pek \u00e7ok fakt\u00f6r davran\u0131\u015f bozuklu\u011funa yol a\u00e7abilir. Hiperaktivite ve kayg\u0131 bozuklu\u011fu gibi di\u011fer psikolojik sorunlar da davran\u0131\u015f bozuklu\u011funu tetikleyebilir. \u00d6zellikle okul \u00e7a\u011f\u0131ndaki \u00e7ocuklar, bu sorunlardan olduk\u00e7a etkilenebilir. Arkada\u015f bulma, kabul g\u00f6rme ve okul ba\u015far\u0131s\u0131 ile ilgili sorun ya\u015fayan \u00e7ocuk, hatal\u0131 davran\u0131\u015flar\u0131na daha \u00e7ok y\u00f6nelebilir ve bu s\u00fcre\u00e7 bir k\u0131s\u0131r d\u00f6ng\u00fc h\u00e2lini alabilir.<\/p><p>Davran\u0131\u015f Bozuklu\u011fu Nas\u0131l Tedavi Edilir?<br \/>Davran\u0131\u015f bozuklu\u011funun tedavi edilebilmesi i\u00e7in \u00f6ncelikle altta yatan nedenlerin do\u011fru \u015fekilde analiz edilmesi gerekir. Bu nedenle davran\u0131\u015f bozuklu\u011funun sadece tek bir tedavisi yoktur. Bu noktada, ebeveynlerin tutum ve davran\u0131\u015flar\u0131 da olduk\u00e7a \u00f6nemlidir. E\u011fer \u00e7ocuk, ebeveynleri taraf\u0131ndan sevildi\u011fini hissetmiyorsa ve ev ortam\u0131 huzurlu de\u011filse davran\u0131\u015f bozuklu\u011fu artacakt\u0131r. Dolay\u0131s\u0131yla, \u00e7ocu\u011fun b\u00fcy\u00fcd\u00fc\u011f\u00fc ortam\u0131 ve ebeveynleri ile ili\u015fkisini de\u011ferlendirerek uygun terapi y\u00f6ntemine karar vermek en do\u011frusu olacakt\u0131r. \u015eiddet e\u011filimi, i\u00e7e kapan\u0131kl\u0131k, h\u0131r\u00e7\u0131nl\u0131k, kurallara uymama gibi davran\u0131\u015flar her \u00e7ocukta g\u00f6r\u00fclse de ortaya \u00e7\u0131kma nedeni farkl\u0131d\u0131r. Bu nedenle davran\u0131\u015f bozuklu\u011fu tedavisinde seans say\u0131s\u0131 ve s\u00fcresi de de\u011fi\u015fkenlik g\u00f6sterecektir.<\/p><p>Konya\u2019da, davran\u0131\u015f bozuklu\u011fu tedavisi ve \u00fccretleri hakk\u0131nda daha detayl\u0131 bilgi almak isterseniz klini\u011fimizi arayabilir ve randevu alabilirsiniz.<\/p>\t\t\t\t\t\t<\/div>\n\t\t\t\t<\/div>\n\t\t\t\t\t<\/div>\n\t\t<\/div>\n\t\t\t\t\t\t\t<\/div>\n\t\t<\/section>\n\t\t\t\t\t\t<\/div>\n\t\t\t\t\t<\/div>\n\t\t","protected":false},"excerpt":{"rendered":"<p>DAVRANI\u015e BOZUKLUKLARI TEDAV\u0130S\u0130 Davran\u0131\u015f Bozuklu\u011fu Nedir?Kurallar\u0131 tan\u0131yana kadar her \u00e7ocuk zaman zaman hatal\u0131 davran\u0131\u015flarda bulunabilir. Ya\u015f\u0131n\u0131n gere\u011fi aileye ba\u015fkald\u0131rabilir ve daha h\u0131r\u00e7\u0131n olabilir. Her ya\u015f grubunun farkl\u0131 davran\u0131\u015f \u00f6zellikleri vard\u0131r. \u00c7ocu\u011fun mizac\u0131, ya\u015fan\u0131lan \u00e7evre ve travmatik olaylar uyumlu bir \u00e7ocu\u011fun bile tutars\u0131z davranmas\u0131na neden olabilir. Ancak davran\u0131\u015f bozuklu\u011fu olarak adland\u0131rabilece\u011fimiz, s\u00fcrekli tekrar eden h\u0131r\u00e7\u0131n davran\u0131\u015flar\u0131 &hellip;<\/p>\n<p class=\"read-more\"> <a class=\"\" href=\"https:\/\/sifahatunyasamakademisi.com\/index.php\/davranis-bozukluklari-tedavisi\/\"> <span class=\"screen-reader-text\">DAVRANI\u015e BOZUKLUKLARI TEDAV\u0130S\u0130<\/span> Devam\u0131 &raquo;<\/a><\/p>\n","protected":false},"author":1,"featured_media":0,"parent":0,"menu_order":0,"comment_status":"closed","ping_status":"closed","template":"","meta":{"site-sidebar-layout":"no-sidebar","site-content-layout":"page-builder","ast-main-header-display":"","ast-hfb-above-header-display":"","ast-hfb-below-header-display":"","ast-hfb-mobile-header-display":"","site-post-title":"disabled","ast-breadcrumbs-content":"disabled","ast-featured-img":"disabled","footer-sml-layout":"","theme-transparent-header-meta":"enabled","adv-header-id-meta":"","stick-header-meta":"","header-above-stick-meta":"","header-main-stick-meta":"","header-below-stick-meta":"","footnotes":""},"class_list":["post-381","page","type-page","status-publish","hentry"],"_links":{"self":[{"href":"https:\/\/sifahatunyasamakademisi.com\/index.php\/wp-json\/wp\/v2\/pages\/381","targetHints":{"allow":["GET"]}}],"collection":[{"href":"https:\/\/sifahatunyasamakademisi.com\/index.php\/wp-json\/wp\/v2\/pages"}],"about":[{"href":"https:\/\/sifahatunyasamakademisi.com\/index.php\/wp-json\/wp\/v2\/types\/page"}],"author":[{"embeddable":true,"href":"https:\/\/sifahatunyasamakademisi.com\/index.php\/wp-json\/wp\/v2\/users\/1"}],"replies":[{"embeddable":true,"href":"https:\/\/sifahatunyasamakademisi.com\/index.php\/wp-json\/wp\/v2\/comments?post=381"}],"version-history":[{"count":4,"href":"https:\/\/sifahatunyasamakademisi.com\/index.php\/wp-json\/wp\/v2\/pages\/381\/revisions"}],"predecessor-version":[{"id":387,"href":"https:\/\/sifahatunyasamakademisi.com\/index.php\/wp-json\/wp\/v2\/pages\/381\/revisions\/387"}],"wp:attachment":[{"href":"https:\/\/sifahatunyasamakademisi.com\/index.php\/wp-json\/wp\/v2\/media?parent=381"}],"curies":[{"name":"wp","href":"https:\/\/api.w.org\/{rel}","templated":true}]}}